{"id":5801,"date":"2022-07-05T09:57:07","date_gmt":"2022-07-05T09:57:07","guid":{"rendered":"https:\/\/hormisa.com\/sostenibilidad\/"},"modified":"2022-07-19T13:08:13","modified_gmt":"2022-07-19T13:08:13","slug":"sustainability","status":"publish","type":"page","link":"https:\/\/hormisa.com\/en\/sustainability\/","title":{"rendered":"Sustainability"},"content":{"rendered":"<p><div class=\"fusion-fullwidth fullwidth-box fusion-builder-row-1 nonhundred-percent-fullwidth non-hundred-percent-height-scrolling fusion-equal-height-columns\" style=\"--awb-background-position:left top;--awb-border-radius-top-left:0px;--awb-border-radius-top-right:0px;--awb-border-radius-bottom-right:0px;--awb-border-radius-bottom-left:0px;--awb-padding-top:80px;--awb-padding-bottom:30px;--awb-background-color:#fcfcfc;--awb-border-sizes-top:0px;--awb-border-sizes-bottom:0px;--awb-flex-wrap:wrap;\" ><div class=\"fusion-builder-row fusion-row\"><div class=\"fusion-layout-column fusion_builder_column fusion-builder-column-0 fusion_builder_column_1_1 1_1 fusion-one-full fusion-column-first fusion-column-last fusion-animated\" style=\"--awb-bg-size:cover;--awb-border-color:#e0dede;--awb-border-left:0px;--awb-border-style:solid;--awb-margin-bottom:0px;\" data-animationType=\"fadeInDown\" data-animationDuration=\"0.5\" data-animationOffset=\"top-into-view\"><div class=\"fusion-column-wrapper fusion-flex-column-wrapper-legacy\"><div class=\"fusion-text fusion-text-1\"><p>Hormisa is firmly committed to reinforcing sustainable management that includes a synergy between the environment, society and the economy to meet present needs without putting the needs of future generations at risk.<\/p>\n<p>This commitment is established through a systematic and sustainable approach, implementing sustainable work systems for the performance of activities, the production of products and the provision of services. Our main goals are to achieve the highest level of quality, the protection of the environment, energy efficiency, compliance with legislation and society&#8217;s expectations, reduction of emissions and waste, efficient use of natural resources, improvement of processes, customer satisfaction and promotion of communication with all interested parties.<\/p>\n<p>The Organization establishes these principles of sustainable management aligned with the Integrated Business Management Policy that allow continuous improvement and business excellence to be achieved, involving the whole of society and ourselves, strengthening our position by implementing alternatives that respect the environment and sustainability.<\/p>\n<\/div><div class=\"fusion-clearfix\"><\/div><\/div><\/div><\/div><\/div><div class=\"fusion-fullwidth fullwidth-box fusion-builder-row-2 nonhundred-percent-fullwidth non-hundred-percent-height-scrolling\" style=\"--awb-border-radius-top-left:0px;--awb-border-radius-top-right:0px;--awb-border-radius-bottom-right:0px;--awb-border-radius-bottom-left:0px;--awb-flex-wrap:wrap;\" ><div class=\"fusion-builder-row fusion-row\"><div class=\"fusion-layout-column fusion_builder_column fusion-builder-column-1 fusion_builder_column_1_1 1_1 fusion-one-full fusion-column-first fusion-column-last\" style=\"--awb-bg-size:cover;\"><div class=\"fusion-column-wrapper fusion-column-has-shadow fusion-flex-column-wrapper-legacy\"><div class=\"fusion-image-element fusion-image-align-center in-legacy-container\" style=\"text-align:center;--awb-max-width:800px;--awb-caption-title-font-family:var(--h2_typography-font-family);--awb-caption-title-font-weight:var(--h2_typography-font-weight);--awb-caption-title-font-style:var(--h2_typography-font-style);--awb-caption-title-size:var(--h2_typography-font-size);--awb-caption-title-transform:var(--h2_typography-text-transform);--awb-caption-title-line-height:var(--h2_typography-line-height);--awb-caption-title-letter-spacing:var(--h2_typography-letter-spacing);\"><div class=\"imageframe-align-center\"><span class=\" fusion-imageframe imageframe-none imageframe-1 hover-type-none\"><img decoding=\"async\" width=\"1200\" height=\"603\" src=\"https:\/\/hormisa.com\/wp-content\/uploads\/2022\/07\/infografia-hormisa-ingles-1.png\" alt class=\"img-responsive wp-image-6179\" srcset=\"https:\/\/hormisa.com\/wp-content\/uploads\/2022\/07\/infografia-hormisa-ingles-1-200x101.png 200w, https:\/\/hormisa.com\/wp-content\/uploads\/2022\/07\/infografia-hormisa-ingles-1-400x201.png 400w, https:\/\/hormisa.com\/wp-content\/uploads\/2022\/07\/infografia-hormisa-ingles-1-600x302.png 600w, https:\/\/hormisa.com\/wp-content\/uploads\/2022\/07\/infografia-hormisa-ingles-1-800x402.png 800w, https:\/\/hormisa.com\/wp-content\/uploads\/2022\/07\/infografia-hormisa-ingles-1.png 1200w\" sizes=\"(max-width: 800px) 100vw, 1200px\" \/><\/span><\/div><\/div><div class=\"fusion-clearfix\"><\/div><\/div><\/div><\/div><\/div><\/p>\n","protected":false},"excerpt":{"rendered":"","protected":false},"author":1,"featured_media":0,"parent":0,"menu_order":0,"comment_status":"closed","ping_status":"closed","template":"100-width.php","meta":{"_acf_changed":false,"footnotes":""},"class_list":["post-5801","page","type-page","status-publish","hentry"],"acf":[],"yoast_head":"<!-- This site is optimized with the Yoast SEO plugin v27.0 - https:\/\/yoast.com\/product\/yoast-seo-wordpress\/ -->\n<title>Hormisa, leader, Aggregates sector - sustainability<\/title>\n<meta name=\"description\" content=\"The Organisation is firmly committed to strengthening sustainable management that includes a synergy between environment, society and economy...\" \/>\n<meta name=\"robots\" content=\"index, follow, max-snippet:-1, max-image-preview:large, max-video-preview:-1\" \/>\n<link rel=\"canonical\" href=\"https:\/\/hormisa.com\/en\/sustainability\/\" \/>\n<meta property=\"og:locale\" content=\"en_US\" \/>\n<meta property=\"og:type\" content=\"article\" \/>\n<meta property=\"og:title\" content=\"Hormisa, leader, Aggregates sector - sustainability\" \/>\n<meta property=\"og:description\" content=\"The Organisation is firmly committed to strengthening sustainable management that includes a synergy between environment, society and economy...\" \/>\n<meta property=\"og:url\" content=\"https:\/\/hormisa.com\/en\/sustainability\/\" \/>\n<meta property=\"og:site_name\" content=\"Hormisa\" \/>\n<meta property=\"article:modified_time\" content=\"2022-07-19T13:08:13+00:00\" \/>\n<meta name=\"twitter:card\" content=\"summary_large_image\" \/>\n<meta name=\"twitter:label1\" content=\"Est. reading time\" \/>\n\t<meta name=\"twitter:data1\" content=\"2 minutes\" \/>\n<script type=\"application\/ld+json\" class=\"yoast-schema-graph\">{\"@context\":\"https:\/\/schema.org\",\"@graph\":[{\"@type\":\"WebPage\",\"@id\":\"https:\/\/hormisa.com\/en\/sustainability\/\",\"url\":\"https:\/\/hormisa.com\/en\/sustainability\/\",\"name\":\"Hormisa, leader, Aggregates sector - sustainability\",\"isPartOf\":{\"@id\":\"https:\/\/hormisa.com\/en\/#website\"},\"datePublished\":\"2022-07-05T09:57:07+00:00\",\"dateModified\":\"2022-07-19T13:08:13+00:00\",\"description\":\"The Organisation is firmly committed to strengthening sustainable management that includes a synergy between environment, society and economy...\",\"breadcrumb\":{\"@id\":\"https:\/\/hormisa.com\/en\/sustainability\/#breadcrumb\"},\"inLanguage\":\"en-US\",\"potentialAction\":[{\"@type\":\"ReadAction\",\"target\":[\"https:\/\/hormisa.com\/en\/sustainability\/\"]}]},{\"@type\":\"BreadcrumbList\",\"@id\":\"https:\/\/hormisa.com\/en\/sustainability\/#breadcrumb\",\"itemListElement\":[{\"@type\":\"ListItem\",\"position\":1,\"name\":\"Portada\",\"item\":\"https:\/\/hormisa.com\/en\/\"},{\"@type\":\"ListItem\",\"position\":2,\"name\":\"Sustainability\"}]},{\"@type\":\"WebSite\",\"@id\":\"https:\/\/hormisa.com\/en\/#website\",\"url\":\"https:\/\/hormisa.com\/en\/\",\"name\":\"Hormisa\",\"description\":\"\u00c1ridos, cementos, morteros y hormigones Norte de Espa\u00f1a - Grupo de Espa\u00f1a\",\"publisher\":{\"@id\":\"https:\/\/hormisa.com\/en\/#organization\"},\"potentialAction\":[{\"@type\":\"SearchAction\",\"target\":{\"@type\":\"EntryPoint\",\"urlTemplate\":\"https:\/\/hormisa.com\/en\/?s={search_term_string}\"},\"query-input\":{\"@type\":\"PropertyValueSpecification\",\"valueRequired\":true,\"valueName\":\"search_term_string\"}}],\"inLanguage\":\"en-US\"},{\"@type\":\"Organization\",\"@id\":\"https:\/\/hormisa.com\/en\/#organization\",\"name\":\"Hormisa\",\"alternateName\":\"Canteras y Hormigones Santander\",\"url\":\"https:\/\/hormisa.com\/en\/\",\"logo\":{\"@type\":\"ImageObject\",\"inLanguage\":\"en-US\",\"@id\":\"https:\/\/hormisa.com\/en\/#\/schema\/logo\/image\/\",\"url\":\"https:\/\/hormisa.com\/wp-content\/uploads\/2016\/05\/logo-hormisa.jpg\",\"contentUrl\":\"https:\/\/hormisa.com\/wp-content\/uploads\/2016\/05\/logo-hormisa.jpg\",\"width\":223,\"height\":71,\"caption\":\"Hormisa\"},\"image\":{\"@id\":\"https:\/\/hormisa.com\/en\/#\/schema\/logo\/image\/\"}}]}<\/script>\n<!-- \/ Yoast SEO plugin. -->","yoast_head_json":{"title":"Hormisa, leader, Aggregates sector - sustainability","description":"The Organisation is firmly committed to strengthening sustainable management that includes a synergy between environment, society and economy...","robots":{"index":"index","follow":"follow","max-snippet":"max-snippet:-1","max-image-preview":"max-image-preview:large","max-video-preview":"max-video-preview:-1"},"canonical":"https:\/\/hormisa.com\/en\/sustainability\/","og_locale":"en_US","og_type":"article","og_title":"Hormisa, leader, Aggregates sector - sustainability","og_description":"The Organisation is firmly committed to strengthening sustainable management that includes a synergy between environment, society and economy...","og_url":"https:\/\/hormisa.com\/en\/sustainability\/","og_site_name":"Hormisa","article_modified_time":"2022-07-19T13:08:13+00:00","twitter_card":"summary_large_image","twitter_misc":{"Est. reading time":"2 minutes"},"schema":{"@context":"https:\/\/schema.org","@graph":[{"@type":"WebPage","@id":"https:\/\/hormisa.com\/en\/sustainability\/","url":"https:\/\/hormisa.com\/en\/sustainability\/","name":"Hormisa, leader, Aggregates sector - sustainability","isPartOf":{"@id":"https:\/\/hormisa.com\/en\/#website"},"datePublished":"2022-07-05T09:57:07+00:00","dateModified":"2022-07-19T13:08:13+00:00","description":"The Organisation is firmly committed to strengthening sustainable management that includes a synergy between environment, society and economy...","breadcrumb":{"@id":"https:\/\/hormisa.com\/en\/sustainability\/#breadcrumb"},"inLanguage":"en-US","potentialAction":[{"@type":"ReadAction","target":["https:\/\/hormisa.com\/en\/sustainability\/"]}]},{"@type":"BreadcrumbList","@id":"https:\/\/hormisa.com\/en\/sustainability\/#breadcrumb","itemListElement":[{"@type":"ListItem","position":1,"name":"Portada","item":"https:\/\/hormisa.com\/en\/"},{"@type":"ListItem","position":2,"name":"Sustainability"}]},{"@type":"WebSite","@id":"https:\/\/hormisa.com\/en\/#website","url":"https:\/\/hormisa.com\/en\/","name":"Hormisa","description":"\u00c1ridos, cementos, morteros y hormigones Norte de Espa\u00f1a - Grupo de Espa\u00f1a","publisher":{"@id":"https:\/\/hormisa.com\/en\/#organization"},"potentialAction":[{"@type":"SearchAction","target":{"@type":"EntryPoint","urlTemplate":"https:\/\/hormisa.com\/en\/?s={search_term_string}"},"query-input":{"@type":"PropertyValueSpecification","valueRequired":true,"valueName":"search_term_string"}}],"inLanguage":"en-US"},{"@type":"Organization","@id":"https:\/\/hormisa.com\/en\/#organization","name":"Hormisa","alternateName":"Canteras y Hormigones Santander","url":"https:\/\/hormisa.com\/en\/","logo":{"@type":"ImageObject","inLanguage":"en-US","@id":"https:\/\/hormisa.com\/en\/#\/schema\/logo\/image\/","url":"https:\/\/hormisa.com\/wp-content\/uploads\/2016\/05\/logo-hormisa.jpg","contentUrl":"https:\/\/hormisa.com\/wp-content\/uploads\/2016\/05\/logo-hormisa.jpg","width":223,"height":71,"caption":"Hormisa"},"image":{"@id":"https:\/\/hormisa.com\/en\/#\/schema\/logo\/image\/"}}]}},"_links":{"self":[{"href":"https:\/\/hormisa.com\/en\/wp-json\/wp\/v2\/pages\/5801","targetHints":{"allow":["GET"]}}],"collection":[{"href":"https:\/\/hormisa.com\/en\/wp-json\/wp\/v2\/pages"}],"about":[{"href":"https:\/\/hormisa.com\/en\/wp-json\/wp\/v2\/types\/page"}],"author":[{"embeddable":true,"href":"https:\/\/hormisa.com\/en\/wp-json\/wp\/v2\/users\/1"}],"replies":[{"embeddable":true,"href":"https:\/\/hormisa.com\/en\/wp-json\/wp\/v2\/comments?post=5801"}],"version-history":[{"count":9,"href":"https:\/\/hormisa.com\/en\/wp-json\/wp\/v2\/pages\/5801\/revisions"}],"predecessor-version":[{"id":6191,"href":"https:\/\/hormisa.com\/en\/wp-json\/wp\/v2\/pages\/5801\/revisions\/6191"}],"wp:attachment":[{"href":"https:\/\/hormisa.com\/en\/wp-json\/wp\/v2\/media?parent=5801"}],"curies":[{"name":"wp","href":"https:\/\/api.w.org\/{rel}","templated":true}]}}