{"id":5566,"date":"2016-06-13T09:11:51","date_gmt":"2016-06-13T09:11:51","guid":{"rendered":"https:\/\/hormisa.com\/aplicacion-aridos-industrial\/"},"modified":"2025-10-29T11:42:08","modified_gmt":"2025-10-29T11:42:08","slug":"aggregates-for-industrial-use","status":"publish","type":"page","link":"https:\/\/hormisa.com\/en\/aggregates-for-industrial-use\/","title":{"rendered":"Aggregates for industrial use"},"content":{"rendered":"<p><div class=\"fusion-fullwidth fullwidth-box fusion-builder-row-1 fusion-parallax-none nonhundred-percent-fullwidth non-hundred-percent-height-scrolling\" style=\"--awb-background-position:left top;--awb-border-radius-top-left:0px;--awb-border-radius-top-right:0px;--awb-border-radius-bottom-right:0px;--awb-border-radius-bottom-left:0px;--awb-padding-top:80px;--awb-padding-bottom:80px;--awb-background-image:url(&quot;https:\/\/hormisa.com\/wp-content\/uploads\/2016\/05\/empresa.jpg&quot;);--awb-background-size:cover;--awb-flex-wrap:wrap;\" id=\"contenedorEncabezadoUsoIndustrial\" ><div class=\"fusion-builder-row fusion-row\"><div class=\"fusion-layout-column fusion_builder_column fusion-builder-column-0 fusion_builder_column_1_1 1_1 fusion-one-full fusion-column-first fusion-column-last\" style=\"--awb-bg-size:cover;\"><div class=\"fusion-column-wrapper fusion-column-has-shadow fusion-flex-column-wrapper-legacy\"><div class=\"fusion-text fusion-text-1\"><h2><span style=\"color: #ffffff;\">Aggregates for industrial use<\/span><\/h2>\n<p><span style=\"color: #ffffff;\">Our aggregates are ideal and focused on the iron and steel and lime industries, which require high purity limestone with a calcium carbonate content of over 99%. Therefore, we improve their production performance, reduce their waste and improve their emissions.<\/span><\/p>\n<\/div><div class=\"fusion-clearfix\"><\/div><\/div><\/div><\/div><\/div><div class=\"fusion-fullwidth fullwidth-box fusion-builder-row-2 nonhundred-percent-fullwidth non-hundred-percent-height-scrolling\" style=\"--awb-border-radius-top-left:0px;--awb-border-radius-top-right:0px;--awb-border-radius-bottom-right:0px;--awb-border-radius-bottom-left:0px;--awb-flex-wrap:wrap;\" ><div class=\"fusion-builder-row fusion-row\"><div class=\"fusion-layout-column fusion_builder_column fusion-builder-column-1 fusion_builder_column_1_1 1_1 fusion-one-full fusion-column-first fusion-column-last\" style=\"--awb-bg-size:cover;--awb-margin-top:10px;\"><div class=\"fusion-column-wrapper fusion-column-has-shadow fusion-flex-column-wrapper-legacy\"><div class=\"fusion-text fusion-text-2\"><h2 style=\"color: #677379;\">Industrial uses<\/h2>\n<\/div><div class=\"fusion-sep-clear\"><\/div><div class=\"fusion-separator fusion-clearfix\" style=\"float:left;margin-top:0px;margin-bottom:35px;width:100%;max-width:170px;\"><div class=\"fusion-separator-border sep-single sep-solid\" style=\"--awb-height:20px;--awb-amount:20px;--awb-sep-color:#e2e3e8;border-color:#e2e3e8;border-top-width:3px;\"><\/div><\/div><div class=\"fusion-sep-clear\"><\/div><div class=\"fusion-clearfix\"><\/div><\/div><\/div><div class=\"fusion-layout-column fusion_builder_column fusion-builder-column-2 fusion_builder_column_1_2 1_2 fusion-one-half fusion-column-first\" style=\"--awb-bg-size:cover;width:50%;width:calc(50% - ( ( 4% ) * 0.5 ) );margin-right: 4%;\"><div class=\"fusion-column-wrapper fusion-column-has-shadow fusion-flex-column-wrapper-legacy\"><div class=\"fusion-text fusion-text-3\"><ul>\n<li>Plastic manufacturing<\/li>\n<li>Rubber industry<\/li>\n<li>Animal feed<\/li>\n<li>The paper industry<\/li>\n<li>Thermal power stations<\/li>\n<li>The steel industry<\/li>\n<li>The chemical industry<\/li>\n<\/ul>\n<\/div><div class=\"fusion-clearfix\"><\/div><\/div><\/div><div class=\"fusion-layout-column fusion_builder_column fusion-builder-column-3 fusion_builder_column_1_2 1_2 fusion-one-half fusion-column-last\" style=\"--awb-bg-size:cover;width:50%;width:calc(50% - ( ( 4% ) * 0.5 ) );\"><div class=\"fusion-column-wrapper fusion-column-has-shadow fusion-flex-column-wrapper-legacy\"><div class=\"fusion-text fusion-text-4\"><ul>\n<li>Soap and detergent industry<\/li>\n<li>Preparation of paints<\/li>\n<li>Glass manufacturing<\/li>\n<li>Agriculture<\/li>\n<li>The pharmaceutical and cosmetic industry<\/li>\n<li>The metal industry<\/li>\n<li>The food industry<\/li>\n<\/ul>\n<\/div><div class=\"fusion-clearfix\"><\/div><\/div><\/div><\/div><\/div><div id=\"plastico\" class=\"fusion-container-anchor\"><div class=\"fusion-fullwidth fullwidth-box fusion-builder-row-3 nonhundred-percent-fullwidth non-hundred-percent-height-scrolling\" style=\"--awb-background-position:left top;--awb-border-sizes-top:0px;--awb-border-sizes-bottom:0px;--awb-border-sizes-left:0px;--awb-border-sizes-right:0px;--awb-border-radius-top-left:0px;--awb-border-radius-top-right:0px;--awb-border-radius-bottom-right:0px;--awb-border-radius-bottom-left:0px;--awb-padding-top:80px;--awb-padding-bottom:0px;--awb-flex-wrap:wrap;\" id=\"nuestrosAridos\" ><div class=\"fusion-builder-row fusion-row\"><div class=\"fusion-layout-column fusion_builder_column fusion-builder-column-4 fusion_builder_column_1_1 1_1 fusion-one-full fusion-column-first fusion-column-last fusion-column-no-min-height\" style=\"--awb-bg-size:cover;--awb-margin-bottom:0px;\"><div class=\"fusion-column-wrapper fusion-flex-column-wrapper-legacy\"><div class=\"fusion-text fusion-text-5\"><p>Our aggregates are ideal for the different industrial sectors that require high purity limestone in calcium carbonate, as they have a content of over 99%. As a result, we improve your production performance, reduce your waste and improve your emissions.<\/p>\n<\/div><div class=\"fusion-image-element in-legacy-container\" style=\"--awb-caption-title-font-family:var(--h2_typography-font-family);--awb-caption-title-font-weight:var(--h2_typography-font-weight);--awb-caption-title-font-style:var(--h2_typography-font-style);--awb-caption-title-size:var(--h2_typography-font-size);--awb-caption-title-transform:var(--h2_typography-text-transform);--awb-caption-title-line-height:var(--h2_typography-line-height);--awb-caption-title-letter-spacing:var(--h2_typography-letter-spacing);\"><span class=\" fusion-imageframe imageframe-none imageframe-1 hover-type-none\"><img decoding=\"async\" width=\"1166\" height=\"1508\" title=\"tabla-hormisa-aridos-otros-sectores-industriales\" src=\"https:\/\/hormisa.com\/wp-content\/uploads\/2016\/06\/tabla-hormisa-aridos-otros-sectores-industriales.jpg\" alt class=\"img-responsive wp-image-1060\" srcset=\"https:\/\/hormisa.com\/wp-content\/uploads\/2016\/06\/tabla-hormisa-aridos-otros-sectores-industriales-200x259.jpg 200w, https:\/\/hormisa.com\/wp-content\/uploads\/2016\/06\/tabla-hormisa-aridos-otros-sectores-industriales-400x517.jpg 400w, https:\/\/hormisa.com\/wp-content\/uploads\/2016\/06\/tabla-hormisa-aridos-otros-sectores-industriales-600x776.jpg 600w, https:\/\/hormisa.com\/wp-content\/uploads\/2016\/06\/tabla-hormisa-aridos-otros-sectores-industriales-800x1035.jpg 800w, https:\/\/hormisa.com\/wp-content\/uploads\/2016\/06\/tabla-hormisa-aridos-otros-sectores-industriales.jpg 1166w\" sizes=\"(max-width: 800px) 100vw, 1166px\" \/><\/span><\/div><div class=\"fusion-clearfix\"><\/div><\/div><\/div><\/div><\/div><\/div><div class=\"fusion-fullwidth fullwidth-box fusion-builder-row-4 fusion-parallax-none nonhundred-percent-fullwidth non-hundred-percent-height-scrolling\" style=\"--awb-border-sizes-top:0px;--awb-border-sizes-bottom:0px;--awb-border-sizes-left:0px;--awb-border-sizes-right:0px;--awb-border-radius-top-left:0px;--awb-border-radius-top-right:0px;--awb-border-radius-bottom-right:0px;--awb-border-radius-bottom-left:0px;--awb-padding-top:80px;--awb-padding-right:0px;--awb-padding-bottom:40px;--awb-padding-left:0px;--awb-background-image:url(&quot;\/wp-content\/uploads\/2015\/06\/laboratorio.jpg&quot;);--awb-background-size:cover;--awb-flex-wrap:wrap;\" ><div class=\"fusion-builder-row fusion-row\"><div class=\"fusion-layout-column fusion_builder_column fusion-builder-column-5 fusion_builder_column_1_3 1_3 fusion-one-third fusion-column-first\" style=\"--awb-padding-left:30px;--awb-bg-position:right center;--awb-bg-size:cover;--awb-border-color:#ffffff;--awb-border-right:3px;--awb-border-style:solid;--awb-margin-bottom:0px;width:30.6666%; margin-right: 4%;\"><div class=\"fusion-column-wrapper fusion-column-has-shadow fusion-flex-column-wrapper-legacy\"><div class=\"fusion-text fusion-text-6\"><h2><span style=\"color: #ffffff;\">QUALITY<\/span><br \/>\n<span style=\"color: #ffffff;\">CERTIFIED<\/span><\/h2>\n<\/div><div class=\"fusion-sep-clear\"><\/div><div class=\"fusion-separator fusion-full-width-sep\" style=\"margin-left: auto;margin-right: auto;width:100%;\"><div class=\"fusion-separator-border sep-double\" style=\"--awb-height:20px;--awb-amount:20px;--awb-sep-color:rgba(224,222,222,0);border-color:rgba(224,222,222,0);border-top-width:6px;border-bottom-width:6px;\"><\/div><\/div><div class=\"fusion-sep-clear\"><\/div><div class=\"fusion-image-element in-legacy-container\" style=\"--awb-caption-title-font-family:var(--h2_typography-font-family);--awb-caption-title-font-weight:var(--h2_typography-font-weight);--awb-caption-title-font-style:var(--h2_typography-font-style);--awb-caption-title-size:var(--h2_typography-font-size);--awb-caption-title-transform:var(--h2_typography-text-transform);--awb-caption-title-line-height:var(--h2_typography-line-height);--awb-caption-title-letter-spacing:var(--h2_typography-letter-spacing);\"><span class=\" fusion-imageframe imageframe-none imageframe-2 hover-type-none logoCEPrimeraBandaGris\"><img decoding=\"async\" src=\"\/wp-content\/uploads\/2015\/06\/marcado-ce.png\" alt class=\"img-responsive\"\/><\/span><\/div><div class=\"fusion-clearfix\"><\/div><\/div><\/div><div class=\"fusion-layout-column fusion_builder_column fusion-builder-column-6 fusion_builder_column_2_3 2_3 fusion-two-third fusion-column-last\" style=\"--awb-padding-left:20px;--awb-bg-size:cover;--awb-margin-bottom:100px;width:65.3333%;\"><div class=\"fusion-column-wrapper fusion-column-has-shadow fusion-flex-column-wrapper-legacy\"><div class=\"fusion-text fusion-text-7\"><h2><span style=\"color: #ffffff;\">All our products are certified by Bureau Veritas<\/span><\/h2>\n<\/div><div class=\"fusion-sep-clear\"><\/div><div class=\"fusion-separator fusion-full-width-sep\" style=\"margin-left: auto;margin-right: auto;width:100%;\"><div class=\"fusion-separator-border sep-double\" style=\"--awb-height:20px;--awb-amount:20px;--awb-sep-color:rgba(224,222,222,0);border-color:rgba(224,222,222,0);border-top-width:6px;border-bottom-width:6px;\"><\/div><\/div><div class=\"fusion-sep-clear\"><\/div><div class=\"fusion-button-wrapper\"><a class=\"fusion-button button-flat fusion-button-default-size button-default fusion-button-default button-1 fusion-button-default-span fusion-button-default-type\" target=\"_self\" href=\"\/en\/certifications\/\"><span class=\"fusion-button-text awb-button__text awb-button__text--default\">SEE CERTIFICATIONS<\/span><\/a><\/div><div class=\"fusion-clearfix\"><\/div><\/div><\/div><\/div><\/div>\n<\/p>\n","protected":false},"excerpt":{"rendered":"","protected":false},"author":1,"featured_media":0,"parent":0,"menu_order":0,"comment_status":"closed","ping_status":"closed","template":"100-width.php","meta":{"_acf_changed":false,"footnotes":""},"class_list":["post-5566","page","type-page","status-publish","hentry"],"acf":[],"yoast_head":"<!-- This site is optimized with the Yoast SEO plugin v27.0 - https:\/\/yoast.com\/product\/yoast-seo-wordpress\/ -->\n<title>Aggregates for industrial use<\/title>\n<meta name=\"description\" content=\"We improve your production performance, your emissions and reduce your waste, suitable for different industrial sectors....\" \/>\n<meta name=\"robots\" content=\"index, follow, max-snippet:-1, max-image-preview:large, max-video-preview:-1\" \/>\n<link rel=\"canonical\" href=\"https:\/\/hormisa.com\/en\/aggregates-for-industrial-use\/\" \/>\n<meta property=\"og:locale\" content=\"en_US\" \/>\n<meta property=\"og:type\" content=\"article\" \/>\n<meta property=\"og:title\" content=\"Aggregates for industrial use\" \/>\n<meta property=\"og:description\" content=\"We improve your production performance, your emissions and reduce your waste, suitable for different industrial sectors....\" \/>\n<meta property=\"og:url\" content=\"https:\/\/hormisa.com\/en\/aggregates-for-industrial-use\/\" \/>\n<meta property=\"og:site_name\" content=\"Hormisa\" \/>\n<meta property=\"article:modified_time\" content=\"2025-10-29T11:42:08+00:00\" \/>\n<meta property=\"og:image\" content=\"https:\/\/hormisa.com\/wp-content\/uploads\/2016\/06\/tabla-hormisa-aridos-otros-sectores-industriales.jpg\" \/>\n\t<meta property=\"og:image:width\" content=\"1166\" \/>\n\t<meta property=\"og:image:height\" content=\"1508\" \/>\n\t<meta property=\"og:image:type\" content=\"image\/jpeg\" \/>\n<meta name=\"twitter:card\" content=\"summary_large_image\" \/>\n<meta name=\"twitter:label1\" content=\"Est. reading time\" \/>\n\t<meta name=\"twitter:data1\" content=\"2 minutes\" \/>\n<script type=\"application\/ld+json\" class=\"yoast-schema-graph\">{\"@context\":\"https:\/\/schema.org\",\"@graph\":[{\"@type\":\"WebPage\",\"@id\":\"https:\/\/hormisa.com\/en\/aggregates-for-industrial-use\/\",\"url\":\"https:\/\/hormisa.com\/en\/aggregates-for-industrial-use\/\",\"name\":\"Aggregates for industrial use\",\"isPartOf\":{\"@id\":\"https:\/\/hormisa.com\/en\/#website\"},\"primaryImageOfPage\":{\"@id\":\"https:\/\/hormisa.com\/en\/aggregates-for-industrial-use\/#primaryimage\"},\"image\":{\"@id\":\"https:\/\/hormisa.com\/en\/aggregates-for-industrial-use\/#primaryimage\"},\"thumbnailUrl\":\"https:\/\/hormisa.com\/wp-content\/uploads\/2016\/06\/tabla-hormisa-aridos-otros-sectores-industriales.jpg\",\"datePublished\":\"2016-06-13T09:11:51+00:00\",\"dateModified\":\"2025-10-29T11:42:08+00:00\",\"description\":\"We improve your production performance, your emissions and reduce your waste, suitable for different industrial sectors....\",\"breadcrumb\":{\"@id\":\"https:\/\/hormisa.com\/en\/aggregates-for-industrial-use\/#breadcrumb\"},\"inLanguage\":\"en-US\",\"potentialAction\":[{\"@type\":\"ReadAction\",\"target\":[\"https:\/\/hormisa.com\/en\/aggregates-for-industrial-use\/\"]}]},{\"@type\":\"ImageObject\",\"inLanguage\":\"en-US\",\"@id\":\"https:\/\/hormisa.com\/en\/aggregates-for-industrial-use\/#primaryimage\",\"url\":\"https:\/\/hormisa.com\/wp-content\/uploads\/2016\/06\/tabla-hormisa-aridos-otros-sectores-industriales.jpg\",\"contentUrl\":\"https:\/\/hormisa.com\/wp-content\/uploads\/2016\/06\/tabla-hormisa-aridos-otros-sectores-industriales.jpg\"},{\"@type\":\"BreadcrumbList\",\"@id\":\"https:\/\/hormisa.com\/en\/aggregates-for-industrial-use\/#breadcrumb\",\"itemListElement\":[{\"@type\":\"ListItem\",\"position\":1,\"name\":\"Portada\",\"item\":\"https:\/\/hormisa.com\/en\/\"},{\"@type\":\"ListItem\",\"position\":2,\"name\":\"Aggregates for industrial use\"}]},{\"@type\":\"WebSite\",\"@id\":\"https:\/\/hormisa.com\/en\/#website\",\"url\":\"https:\/\/hormisa.com\/en\/\",\"name\":\"Hormisa\",\"description\":\"\u00c1ridos, cementos, morteros y hormigones Norte de Espa\u00f1a - Grupo de Espa\u00f1a\",\"publisher\":{\"@id\":\"https:\/\/hormisa.com\/en\/#organization\"},\"potentialAction\":[{\"@type\":\"SearchAction\",\"target\":{\"@type\":\"EntryPoint\",\"urlTemplate\":\"https:\/\/hormisa.com\/en\/?s={search_term_string}\"},\"query-input\":{\"@type\":\"PropertyValueSpecification\",\"valueRequired\":true,\"valueName\":\"search_term_string\"}}],\"inLanguage\":\"en-US\"},{\"@type\":\"Organization\",\"@id\":\"https:\/\/hormisa.com\/en\/#organization\",\"name\":\"Hormisa\",\"alternateName\":\"Canteras y Hormigones Santander\",\"url\":\"https:\/\/hormisa.com\/en\/\",\"logo\":{\"@type\":\"ImageObject\",\"inLanguage\":\"en-US\",\"@id\":\"https:\/\/hormisa.com\/en\/#\/schema\/logo\/image\/\",\"url\":\"https:\/\/hormisa.com\/wp-content\/uploads\/2016\/05\/logo-hormisa.jpg\",\"contentUrl\":\"https:\/\/hormisa.com\/wp-content\/uploads\/2016\/05\/logo-hormisa.jpg\",\"width\":223,\"height\":71,\"caption\":\"Hormisa\"},\"image\":{\"@id\":\"https:\/\/hormisa.com\/en\/#\/schema\/logo\/image\/\"}}]}<\/script>\n<!-- \/ Yoast SEO plugin. -->","yoast_head_json":{"title":"Aggregates for industrial use","description":"We improve your production performance, your emissions and reduce your waste, suitable for different industrial sectors....","robots":{"index":"index","follow":"follow","max-snippet":"max-snippet:-1","max-image-preview":"max-image-preview:large","max-video-preview":"max-video-preview:-1"},"canonical":"https:\/\/hormisa.com\/en\/aggregates-for-industrial-use\/","og_locale":"en_US","og_type":"article","og_title":"Aggregates for industrial use","og_description":"We improve your production performance, your emissions and reduce your waste, suitable for different industrial sectors....","og_url":"https:\/\/hormisa.com\/en\/aggregates-for-industrial-use\/","og_site_name":"Hormisa","article_modified_time":"2025-10-29T11:42:08+00:00","og_image":[{"width":1166,"height":1508,"url":"https:\/\/hormisa.com\/wp-content\/uploads\/2016\/06\/tabla-hormisa-aridos-otros-sectores-industriales.jpg","type":"image\/jpeg"}],"twitter_card":"summary_large_image","twitter_misc":{"Est. reading time":"2 minutes"},"schema":{"@context":"https:\/\/schema.org","@graph":[{"@type":"WebPage","@id":"https:\/\/hormisa.com\/en\/aggregates-for-industrial-use\/","url":"https:\/\/hormisa.com\/en\/aggregates-for-industrial-use\/","name":"Aggregates for industrial use","isPartOf":{"@id":"https:\/\/hormisa.com\/en\/#website"},"primaryImageOfPage":{"@id":"https:\/\/hormisa.com\/en\/aggregates-for-industrial-use\/#primaryimage"},"image":{"@id":"https:\/\/hormisa.com\/en\/aggregates-for-industrial-use\/#primaryimage"},"thumbnailUrl":"https:\/\/hormisa.com\/wp-content\/uploads\/2016\/06\/tabla-hormisa-aridos-otros-sectores-industriales.jpg","datePublished":"2016-06-13T09:11:51+00:00","dateModified":"2025-10-29T11:42:08+00:00","description":"We improve your production performance, your emissions and reduce your waste, suitable for different industrial sectors....","breadcrumb":{"@id":"https:\/\/hormisa.com\/en\/aggregates-for-industrial-use\/#breadcrumb"},"inLanguage":"en-US","potentialAction":[{"@type":"ReadAction","target":["https:\/\/hormisa.com\/en\/aggregates-for-industrial-use\/"]}]},{"@type":"ImageObject","inLanguage":"en-US","@id":"https:\/\/hormisa.com\/en\/aggregates-for-industrial-use\/#primaryimage","url":"https:\/\/hormisa.com\/wp-content\/uploads\/2016\/06\/tabla-hormisa-aridos-otros-sectores-industriales.jpg","contentUrl":"https:\/\/hormisa.com\/wp-content\/uploads\/2016\/06\/tabla-hormisa-aridos-otros-sectores-industriales.jpg"},{"@type":"BreadcrumbList","@id":"https:\/\/hormisa.com\/en\/aggregates-for-industrial-use\/#breadcrumb","itemListElement":[{"@type":"ListItem","position":1,"name":"Portada","item":"https:\/\/hormisa.com\/en\/"},{"@type":"ListItem","position":2,"name":"Aggregates for industrial use"}]},{"@type":"WebSite","@id":"https:\/\/hormisa.com\/en\/#website","url":"https:\/\/hormisa.com\/en\/","name":"Hormisa","description":"\u00c1ridos, cementos, morteros y hormigones Norte de Espa\u00f1a - Grupo de Espa\u00f1a","publisher":{"@id":"https:\/\/hormisa.com\/en\/#organization"},"potentialAction":[{"@type":"SearchAction","target":{"@type":"EntryPoint","urlTemplate":"https:\/\/hormisa.com\/en\/?s={search_term_string}"},"query-input":{"@type":"PropertyValueSpecification","valueRequired":true,"valueName":"search_term_string"}}],"inLanguage":"en-US"},{"@type":"Organization","@id":"https:\/\/hormisa.com\/en\/#organization","name":"Hormisa","alternateName":"Canteras y Hormigones Santander","url":"https:\/\/hormisa.com\/en\/","logo":{"@type":"ImageObject","inLanguage":"en-US","@id":"https:\/\/hormisa.com\/en\/#\/schema\/logo\/image\/","url":"https:\/\/hormisa.com\/wp-content\/uploads\/2016\/05\/logo-hormisa.jpg","contentUrl":"https:\/\/hormisa.com\/wp-content\/uploads\/2016\/05\/logo-hormisa.jpg","width":223,"height":71,"caption":"Hormisa"},"image":{"@id":"https:\/\/hormisa.com\/en\/#\/schema\/logo\/image\/"}}]}},"_links":{"self":[{"href":"https:\/\/hormisa.com\/en\/wp-json\/wp\/v2\/pages\/5566","targetHints":{"allow":["GET"]}}],"collection":[{"href":"https:\/\/hormisa.com\/en\/wp-json\/wp\/v2\/pages"}],"about":[{"href":"https:\/\/hormisa.com\/en\/wp-json\/wp\/v2\/types\/page"}],"author":[{"embeddable":true,"href":"https:\/\/hormisa.com\/en\/wp-json\/wp\/v2\/users\/1"}],"replies":[{"embeddable":true,"href":"https:\/\/hormisa.com\/en\/wp-json\/wp\/v2\/comments?post=5566"}],"version-history":[{"count":6,"href":"https:\/\/hormisa.com\/en\/wp-json\/wp\/v2\/pages\/5566\/revisions"}],"predecessor-version":[{"id":6501,"href":"https:\/\/hormisa.com\/en\/wp-json\/wp\/v2\/pages\/5566\/revisions\/6501"}],"wp:attachment":[{"href":"https:\/\/hormisa.com\/en\/wp-json\/wp\/v2\/media?parent=5566"}],"curies":[{"name":"wp","href":"https:\/\/api.w.org\/{rel}","templated":true}]}}