{"id":5558,"date":"2015-07-01T01:46:53","date_gmt":"2015-07-01T01:46:53","guid":{"rendered":"https:\/\/hormisa.com\/cementos\/"},"modified":"2025-10-29T11:41:10","modified_gmt":"2025-10-29T11:41:10","slug":"cements","status":"publish","type":"page","link":"https:\/\/hormisa.com\/en\/cements\/","title":{"rendered":"CEMENTS"},"content":{"rendered":"<p><div class=\"fusion-fullwidth fullwidth-box fusion-builder-row-1 fusion-parallax-none nonhundred-percent-fullwidth non-hundred-percent-height-scrolling\" style=\"--awb-background-position:left top;--awb-border-sizes-top:0px;--awb-border-sizes-bottom:0px;--awb-border-sizes-left:0px;--awb-border-sizes-right:0px;--awb-border-radius-top-left:0px;--awb-border-radius-top-right:0px;--awb-border-radius-bottom-right:0px;--awb-border-radius-bottom-left:0px;--awb-padding-top:80px;--awb-padding-bottom:80px;--awb-background-image:url(&quot;https:\/\/hormisa.com\/wp-content\/uploads\/2016\/09\/cabecera-cementos.jpg&quot;);--awb-background-size:cover;--awb-flex-wrap:wrap;\" id=\"contenedorEncabezadoCementos\" ><div class=\"fusion-builder-row fusion-row\"><div class=\"fusion-layout-column fusion_builder_column fusion-builder-column-0 fusion_builder_column_1_1 1_1 fusion-one-full fusion-column-first fusion-column-last\" style=\"--awb-bg-size:cover;\"><div class=\"fusion-column-wrapper fusion-flex-column-wrapper-legacy\"><div class=\"fusion-text fusion-text-1\"><h2><span style=\"color: #ffffff;\">Cements<\/span><\/h2>\n<p><span style=\"color: #ffffff;\">We manufacture cements with two differentiating characteristics: pozzolanic and sulphate resistant. High resistance to marine origin chlorides and to sulphates. Particularly indicated for use in dams, dikes, marshes, port facilities and in buildings and bridges in areas near to the coast. Characterised by their high ultimate strength, low permeability, reduced hydration heat and great durability.<\/span><\/p>\n<\/div><div class=\"fusion-clearfix\"><\/div><\/div><\/div><\/div><\/div><div class=\"fusion-fullwidth fullwidth-box fusion-builder-row-2 nonhundred-percent-fullwidth non-hundred-percent-height-scrolling\" style=\"--awb-background-position:left top;--awb-border-sizes-top:0px;--awb-border-sizes-bottom:0px;--awb-border-sizes-left:0px;--awb-border-sizes-right:0px;--awb-border-radius-top-left:0px;--awb-border-radius-top-right:0px;--awb-border-radius-bottom-right:0px;--awb-border-radius-bottom-left:0px;--awb-padding-top:20px;--awb-padding-bottom:20px;--awb-flex-wrap:wrap;\" ><div class=\"fusion-builder-row fusion-row\"><div class=\"fusion-layout-column fusion_builder_column fusion-builder-column-1 fusion_builder_column_1_1 1_1 fusion-one-full fusion-column-first fusion-column-last fusion-column-no-min-height\" style=\"--awb-bg-size:cover;--awb-margin-bottom:0px;\"><div class=\"fusion-column-wrapper fusion-flex-column-wrapper-legacy\"><div class=\"fusion-text fusion-text-2\"><h2 class=\"alt\">Cementos Norte Espa\u00f1a<\/h2>\n<\/div><div class=\"fusion-text fusion-text-3\">    <script src=\"\/\/maps.googleapis.com\/maps\/api\/js?language=es&ver=1.0.0\"><\/script>\n\t<div id=\"contenedorListadoCanteras\" class=\"post-5558 page type-page status-publish hentry\">\n\t\t\t\t\t<div class=\"fusion-row\" id=\"cantera3662\">\n\t\t\t\t<div class=\"fusion-one-full fusion-layout-column fusion-column-last fusion-spacing-yes\">\n\t\t\t\t\t<div class=\"fusion-column-wrapper\">\n\t\t\t\t\t\t<div class=\"fusion-column-table\">\n\t\t\t\t\t\t\t<div class=\"fusion-column-tablecell\">\n                            \t<button type=\"button\" class=\"btnCanteraDesplegarPlegar fa fa-minus flotarDch\"><\/button>\n                            \t<h3 class=\"tituloCantera\"><span>Igollo de Camargo cement plant<\/span><\/h3>\n\t\t\t\t\t\t\t\t<div class=\"fusion-clearfix\"><\/div>\n\t\t\t\t\t\t\t<\/div>\n\t\t\t\t\t\t<\/div>\n\t\t\t\t\t<\/div>\n\t\t\t\t<\/div>\n\t\t\t\t<div class=\"fusion-clearfix\"><\/div>\n                <div class=\"fusion-one-full contenedorCantera\">\n                \t<div class=\"bloque contenedorCantera salto\">\n                    \t<div class=\"bloque salto\">\n                            <div id=\"contenedorDatosContacto\" class=\"fusion-two-fifth fusion-layout-column fusion-spacing-yes\">\n                                <div class=\"bloque\">\n                                    <ul>\n                                                                                        <li>\n\t                                                <span class=\"etiqueta\"><strong>\n\t\t\t\t\t\t\t\t\t\t\t\t\tAddress<\/strong>\n\t\t\t\t\t\t\t\t\t\t\t\t\t<\/span>\n                                                    <address>Barrio La Venta, s\/n  Igollo de Camargo<\/address>\n                                                <\/li>\n                                                                                            <li>\n                                                    <span class=\"etiqueta\">\n                                                        <abbr title=\"\"><strong>Postcode<\/strong><\/abbr>\n                                                    <\/span>\n                                                    <span class=\"valor\">39608<\/span>\n                                                <\/li>\n                                                                                            <li>\n                                                    <span class=\"etiqueta\"><strong>Email<\/strong><\/span>\n                                                    <a \n                                                        href=\"mailto:info@hormisa.com\" \n                                                        title=\"info@hormisa.com\" \n                                                        class=\"valor\"\n                                                    >\n                                                        info@hormisa.com                                                    <\/a>\n                                                <\/li>\n                                                                                            <li>\n                                                    <span class=\"etiqueta\"><strong>Telephone<\/strong><\/span>\n                                                    <a \n                                                        href=\"tel:(+34)942580861\" \n                                                        title=\"(+34) 942 580 861\" \n                                                        class=\"valor\"\n                                                    >\n                                                        (+34) 942 580 861                                                    <\/a>\n                                                <\/li>\n                                                                                <\/ul>\n                                    <div id=\"margenGoogleMaps\">                                   \n                                            \t\t\r\n\t\t<div id=\"contenedorGoogleMaps\">\r\n\t\t\r\n\t\t<div class=\"leaflet-map WPLeafletMap\" style=\"height:500px; width:100%;\"><\/div><script>\nwindow.WPLeafletMapPlugin = window.WPLeafletMapPlugin || [];\nwindow.WPLeafletMapPlugin.push(function WPLeafletMapShortcode() {\/*<script>*\/\nvar baseUrl = atob('aHR0cHM6Ly9tYXBzLmV1cm9jYXN0YWxpYS5jb20vbWIvbWFwYm94LnN0cmVldHMve3p9L3t4fS97eX0=');\nvar base = (!baseUrl && window.MQ) ?\n    window.MQ.mapLayer() : L.tileLayer(baseUrl,\n        L.Util.extend({}, {\n            detectRetina: 0,\n        },\n        {\"subdomains\":\"abc\",\"noWrap\":false,\"maxZoom\":18}        )\n    );\n    var options = L.Util.extend({}, {\n        layers: [base],\n        attributionControl: false\n    },\n    {\"zoomControl\":true,\"scrollWheelZoom\":false,\"doubleClickZoom\":false,\"fitBounds\":false,\"minZoom\":0,\"maxZoom\":18,\"maxBounds\":null,\"attribution\":\"<a href=\\\"https:\\\/\\\/leafletjs.com\\\" title=\\\"A JS library for interactive maps\\\">Leaflet<\\\/a>; \\\\r\\\\n\\u00a9 <a href=\\\"https:\\\/\\\/www.openstreetmap.org\\\/copyright\\\">OpenStreetMap<\\\/a> contributors , Imagery \\u00a9 <a href=\\\"https:\\\/\\\/www.mapbox.com\\\/\\\">Mapbox<\\\/a>\"},\n    {});\nwindow.WPLeafletMapPlugin.createMap(options).setView([43.440851,-3.889359],12);});<\/script><script>\nwindow.WPLeafletMapPlugin = window.WPLeafletMapPlugin || [];\nwindow.WPLeafletMapPlugin.push(function WPLeafletMarkerShortcode() {\/*<script>*\/\nvar map = window.WPLeafletMapPlugin.getCurrentMap();\nvar group = window.WPLeafletMapPlugin.getCurrentGroup();\nvar marker_options = window.WPLeafletMapPlugin.getIconOptions({\"iconUrl\":\"https:\\\/\\\/hormisa.com\\\/wp-content\\\/uploads\\\/2016\\\/09\\\/ico-mapa-5.jpg\",\"iconSize\":\"30,30\",\"iconAnchor\":\"30,30\"});\nvar marker = L.marker(\n    [43.440851,-3.889359],\n    marker_options\n);\nvar is_image = map.is_image_map;\nif (marker_options.draggable) {\n    marker.on('dragend', function () {\n        var latlng = this.getLatLng();\n        var lat = latlng.lat;\n        var lng = latlng.lng;\n        if (is_image) {\n            console.log('leaflet-marker y=' + lat + ' x=' + lng);\n        } else {\n            console.log('leaflet-marker lat=' + lat + ' lng=' + lng);\n        }\n    });\n}\nmarker.addTo( group );\nmarker.bindPopup(window.WPLeafletMapPlugin.unescape('&lt;p&gt;Igollo de Camargo cement plant&lt;\/p&gt;&lt;br&gt;'));window.WPLeafletMapPlugin.markers.push( marker );\n        });<\/script>\t\t\r\n\t\t<\/div>\r\n\t\t\r\n\t\t                                    <\/div>\n                                <\/div>\n                            <\/div>\n                                                                <div id=\"contenedorGalerias\" class=\"fusion-three-fifth fusion-layout-column fusion-column-last fusion-spacing-yes\">\n                                            \t<aside class=\"bloque contenedorMultimedia salto\" id=\"contenedorMultiplesGalerias\">\r\n        \t<header class=\"alt\" style=\"display: none;\">\r\n            \t<h3 class=\"alt tituloApartado\">Galer\u00eda de im\u00e1genes<\/h3>\r\n            <\/header>\r\n                        <div class=\"flexslider\" id=\"slider\">\r\n                <ul class=\"slides\">\r\n                                                <li data-thumb=\"https:\/\/hormisa.com\/wp-content\/uploads\/2016\/09\/Cementos-Santander-hormisa-101x101.jpg\">\r\n                                <a \r\n                                    href=\"https:\/\/hormisa.com\/wp-content\/uploads\/2016\/09\/Cementos-Santander-hormisa.jpg\" \r\n                                    title=\"Igollo de Camargo cement plant\" \r\n                                    data-rel=\"iLightbox[gallery3662]\"\r\n                                >\r\n                                    <img decoding=\"async\" width=\"800\" height=\"656\" src=\"https:\/\/hormisa.com\/wp-content\/uploads\/2016\/09\/Cementos-Santander-hormisa-800x656.jpg\" class=\"attachment-imagenSliderDetalle size-imagenSliderDetalle wp-post-image\" alt=\"\" \/>                                <\/a>\r\n                            <\/li>\r\n                                                    <li data-thumb=\"https:\/\/hormisa.com\/wp-content\/uploads\/2016\/09\/CEMENTOS-SANTANDER-101x101.jpg\">\r\n                                <a \r\n                                    href=\"https:\/\/hormisa.com\/wp-content\/uploads\/2016\/09\/CEMENTOS-SANTANDER.jpg\" \r\n                                    title=\"\" \r\n                                    data-rel=\"iLightbox[gallery]\"\r\n                                >\r\n                                    <img decoding=\"async\" src=\"https:\/\/hormisa.com\/wp-content\/uploads\/2016\/09\/CEMENTOS-SANTANDER-800x656.jpg\" alt=\"\">\t\r\n                                <\/a>\r\n                            <\/li>\r\n                        \t\r\n                <\/ul>\r\n            <\/div>\r\n        <\/aside>\r\n    <script>\r\n\r\n\tjQuery(window).load(function() {\r\n\r\n\t    jQuery('.flexslider').flexslider({\r\n\r\n\t\t    animation: \"slide\"\r\n\r\n\t\t});\r\n\r\n\t});\r\n\r\n<\/script>                                    <\/div>\n                                                        <\/div> \n                                            <\/div>\n                                                \t<div class=\"contenedorProductos\">\n                                \t<span class=\"tituloApartado\">\n                                    \t                                                    \t<strong>\n\t\t\t\t\t\t\t\t\t\t\t\t\t\t\tPRODUCTS MARKETED\t\t\t\t\t\t\t\t\t\t\t\t\t\t<\/strong>\n                                                                                        <\/span>\n                                    <ul>\n                                    \t                                                \t<li>CEM IV\/A-V 42.5 N\/SR<\/li>\n                                                                                                \t<li>CEM IV\/B-V 32.5 N\/SR<\/li>\n                                                                                    <\/ul>\n                                <\/div>\n\t\t\t\t\t\t\t                <\/div>\n\t\t\t<\/div>\n\t\t\t<\/div>\n\n\n<\/div><div class=\"fusion-clearfix\"><\/div><\/div><\/div><\/div><\/div><div class=\"fusion-fullwidth fullwidth-box fusion-builder-row-3 fusion-parallax-none nonhundred-percent-fullwidth non-hundred-percent-height-scrolling\" style=\"--awb-border-sizes-top:0px;--awb-border-sizes-bottom:0px;--awb-border-sizes-left:0px;--awb-border-sizes-right:0px;--awb-border-radius-top-left:0px;--awb-border-radius-top-right:0px;--awb-border-radius-bottom-right:0px;--awb-border-radius-bottom-left:0px;--awb-padding-top:80px;--awb-padding-right:0px;--awb-padding-bottom:40px;--awb-padding-left:0px;--awb-background-image:url(&quot;\/wp-content\/uploads\/2015\/06\/laboratorio.jpg&quot;);--awb-background-size:cover;--awb-flex-wrap:wrap;\" ><div class=\"fusion-builder-row fusion-row\"><div class=\"fusion-layout-column fusion_builder_column fusion-builder-column-2 fusion_builder_column_1_3 1_3 fusion-one-third fusion-column-first\" style=\"--awb-padding-left:30px;--awb-bg-position:right center;--awb-bg-size:cover;--awb-border-color:#ffffff;--awb-border-right:3px;--awb-border-style:solid;--awb-margin-bottom:0px;width:30.6666%; margin-right: 4%;\"><div class=\"fusion-column-wrapper fusion-column-has-shadow fusion-flex-column-wrapper-legacy\"><div class=\"fusion-text fusion-text-4\"><h2><span style=\"color: #ffffff;\">QUALITY<\/span><br \/>\n<span style=\"color: #ffffff;\">CERTIFIED<\/span><\/h2>\n<\/div><div class=\"fusion-sep-clear\"><\/div><div class=\"fusion-separator fusion-full-width-sep\" style=\"margin-left: auto;margin-right: auto;width:100%;\"><div class=\"fusion-separator-border sep-double\" style=\"--awb-height:20px;--awb-amount:20px;--awb-sep-color:rgba(224,222,222,0);border-color:rgba(224,222,222,0);border-top-width:6px;border-bottom-width:6px;\"><\/div><\/div><div class=\"fusion-sep-clear\"><\/div><div class=\"fusion-image-element in-legacy-container\" style=\"--awb-caption-title-font-family:var(--h2_typography-font-family);--awb-caption-title-font-weight:var(--h2_typography-font-weight);--awb-caption-title-font-style:var(--h2_typography-font-style);--awb-caption-title-size:var(--h2_typography-font-size);--awb-caption-title-transform:var(--h2_typography-text-transform);--awb-caption-title-line-height:var(--h2_typography-line-height);--awb-caption-title-letter-spacing:var(--h2_typography-letter-spacing);\"><span class=\" fusion-imageframe imageframe-none imageframe-1 hover-type-none logoCEPrimeraBandaGris\"><img decoding=\"async\" src=\"\/wp-content\/uploads\/2015\/06\/marcado-ce.png\" alt class=\"img-responsive\"\/><\/span><\/div><div class=\"fusion-clearfix\"><\/div><\/div><\/div><div class=\"fusion-layout-column fusion_builder_column fusion-builder-column-3 fusion_builder_column_2_3 2_3 fusion-two-third fusion-column-last\" style=\"--awb-padding-left:20px;--awb-bg-size:cover;--awb-margin-bottom:100px;width:65.3333%;\"><div class=\"fusion-column-wrapper fusion-column-has-shadow fusion-flex-column-wrapper-legacy\"><div class=\"fusion-text fusion-text-5\"><h2><span style=\"color: #ffffff;\">All our products are certified by Bureau Veritas<\/span><\/h2>\n<\/div><div class=\"fusion-sep-clear\"><\/div><div class=\"fusion-separator fusion-full-width-sep\" style=\"margin-left: auto;margin-right: auto;width:100%;\"><div class=\"fusion-separator-border sep-double\" style=\"--awb-height:20px;--awb-amount:20px;--awb-sep-color:rgba(224,222,222,0);border-color:rgba(224,222,222,0);border-top-width:6px;border-bottom-width:6px;\"><\/div><\/div><div class=\"fusion-sep-clear\"><\/div><div class=\"fusion-button-wrapper\"><a class=\"fusion-button button-flat fusion-button-default-size button-default fusion-button-default button-1 fusion-button-default-span fusion-button-default-type\" target=\"_self\" href=\"\/en\/certifications\/\"><span class=\"fusion-button-text awb-button__text awb-button__text--default\">SEE CERTIFICATIONS<\/span><\/a><\/div><div class=\"fusion-clearfix\"><\/div><\/div><\/div><\/div><\/div>\n<\/p>\n","protected":false},"excerpt":{"rendered":"","protected":false},"author":1,"featured_media":0,"parent":0,"menu_order":0,"comment_status":"closed","ping_status":"closed","template":"100-width.php","meta":{"_acf_changed":false,"footnotes":""},"class_list":["post-5558","page","type-page","status-publish","hentry"],"acf":[],"yoast_head":"<!-- This site is optimized with the Yoast SEO plugin v27.0 - https:\/\/yoast.com\/product\/yoast-seo-wordpress\/ -->\n<title>Cements northern spain<\/title>\n<meta name=\"description\" content=\"Characterised by high ultimate strength, low permeability, low heat of hydration and high durability.\" \/>\n<meta name=\"robots\" content=\"index, follow, max-snippet:-1, max-image-preview:large, max-video-preview:-1\" \/>\n<link rel=\"canonical\" href=\"https:\/\/hormisa.com\/en\/cements\/\" \/>\n<meta property=\"og:locale\" content=\"en_US\" \/>\n<meta property=\"og:type\" content=\"article\" \/>\n<meta property=\"og:title\" content=\"Cements northern spain\" \/>\n<meta property=\"og:description\" content=\"Characterised by high ultimate strength, low permeability, low heat of hydration and high durability.\" \/>\n<meta property=\"og:url\" content=\"https:\/\/hormisa.com\/en\/cements\/\" \/>\n<meta property=\"og:site_name\" content=\"Hormisa\" \/>\n<meta property=\"article:modified_time\" content=\"2025-10-29T11:41:10+00:00\" \/>\n<meta name=\"twitter:card\" content=\"summary_large_image\" \/>\n<meta name=\"twitter:label1\" content=\"Est. reading time\" \/>\n\t<meta name=\"twitter:data1\" content=\"2 minutes\" \/>\n<script type=\"application\/ld+json\" class=\"yoast-schema-graph\">{\"@context\":\"https:\/\/schema.org\",\"@graph\":[{\"@type\":\"WebPage\",\"@id\":\"https:\/\/hormisa.com\/en\/cements\/\",\"url\":\"https:\/\/hormisa.com\/en\/cements\/\",\"name\":\"Cements northern spain\",\"isPartOf\":{\"@id\":\"https:\/\/hormisa.com\/en\/#website\"},\"datePublished\":\"2015-07-01T01:46:53+00:00\",\"dateModified\":\"2025-10-29T11:41:10+00:00\",\"description\":\"Characterised by high ultimate strength, low permeability, low heat of hydration and high durability.\",\"breadcrumb\":{\"@id\":\"https:\/\/hormisa.com\/en\/cements\/#breadcrumb\"},\"inLanguage\":\"en-US\",\"potentialAction\":[{\"@type\":\"ReadAction\",\"target\":[\"https:\/\/hormisa.com\/en\/cements\/\"]}]},{\"@type\":\"BreadcrumbList\",\"@id\":\"https:\/\/hormisa.com\/en\/cements\/#breadcrumb\",\"itemListElement\":[{\"@type\":\"ListItem\",\"position\":1,\"name\":\"Portada\",\"item\":\"https:\/\/hormisa.com\/en\/\"},{\"@type\":\"ListItem\",\"position\":2,\"name\":\"CEMENTS\"}]},{\"@type\":\"WebSite\",\"@id\":\"https:\/\/hormisa.com\/en\/#website\",\"url\":\"https:\/\/hormisa.com\/en\/\",\"name\":\"Hormisa\",\"description\":\"\u00c1ridos, cementos, morteros y hormigones Norte de Espa\u00f1a - Grupo de Espa\u00f1a\",\"publisher\":{\"@id\":\"https:\/\/hormisa.com\/en\/#organization\"},\"potentialAction\":[{\"@type\":\"SearchAction\",\"target\":{\"@type\":\"EntryPoint\",\"urlTemplate\":\"https:\/\/hormisa.com\/en\/?s={search_term_string}\"},\"query-input\":{\"@type\":\"PropertyValueSpecification\",\"valueRequired\":true,\"valueName\":\"search_term_string\"}}],\"inLanguage\":\"en-US\"},{\"@type\":\"Organization\",\"@id\":\"https:\/\/hormisa.com\/en\/#organization\",\"name\":\"Hormisa\",\"alternateName\":\"Canteras y Hormigones Santander\",\"url\":\"https:\/\/hormisa.com\/en\/\",\"logo\":{\"@type\":\"ImageObject\",\"inLanguage\":\"en-US\",\"@id\":\"https:\/\/hormisa.com\/en\/#\/schema\/logo\/image\/\",\"url\":\"https:\/\/hormisa.com\/wp-content\/uploads\/2016\/05\/logo-hormisa.jpg\",\"contentUrl\":\"https:\/\/hormisa.com\/wp-content\/uploads\/2016\/05\/logo-hormisa.jpg\",\"width\":223,\"height\":71,\"caption\":\"Hormisa\"},\"image\":{\"@id\":\"https:\/\/hormisa.com\/en\/#\/schema\/logo\/image\/\"}}]}<\/script>\n<!-- \/ Yoast SEO plugin. -->","yoast_head_json":{"title":"Cements northern spain","description":"Characterised by high ultimate strength, low permeability, low heat of hydration and high durability.","robots":{"index":"index","follow":"follow","max-snippet":"max-snippet:-1","max-image-preview":"max-image-preview:large","max-video-preview":"max-video-preview:-1"},"canonical":"https:\/\/hormisa.com\/en\/cements\/","og_locale":"en_US","og_type":"article","og_title":"Cements northern spain","og_description":"Characterised by high ultimate strength, low permeability, low heat of hydration and high durability.","og_url":"https:\/\/hormisa.com\/en\/cements\/","og_site_name":"Hormisa","article_modified_time":"2025-10-29T11:41:10+00:00","twitter_card":"summary_large_image","twitter_misc":{"Est. reading time":"2 minutes"},"schema":{"@context":"https:\/\/schema.org","@graph":[{"@type":"WebPage","@id":"https:\/\/hormisa.com\/en\/cements\/","url":"https:\/\/hormisa.com\/en\/cements\/","name":"Cements northern spain","isPartOf":{"@id":"https:\/\/hormisa.com\/en\/#website"},"datePublished":"2015-07-01T01:46:53+00:00","dateModified":"2025-10-29T11:41:10+00:00","description":"Characterised by high ultimate strength, low permeability, low heat of hydration and high durability.","breadcrumb":{"@id":"https:\/\/hormisa.com\/en\/cements\/#breadcrumb"},"inLanguage":"en-US","potentialAction":[{"@type":"ReadAction","target":["https:\/\/hormisa.com\/en\/cements\/"]}]},{"@type":"BreadcrumbList","@id":"https:\/\/hormisa.com\/en\/cements\/#breadcrumb","itemListElement":[{"@type":"ListItem","position":1,"name":"Portada","item":"https:\/\/hormisa.com\/en\/"},{"@type":"ListItem","position":2,"name":"CEMENTS"}]},{"@type":"WebSite","@id":"https:\/\/hormisa.com\/en\/#website","url":"https:\/\/hormisa.com\/en\/","name":"Hormisa","description":"\u00c1ridos, cementos, morteros y hormigones Norte de Espa\u00f1a - Grupo de Espa\u00f1a","publisher":{"@id":"https:\/\/hormisa.com\/en\/#organization"},"potentialAction":[{"@type":"SearchAction","target":{"@type":"EntryPoint","urlTemplate":"https:\/\/hormisa.com\/en\/?s={search_term_string}"},"query-input":{"@type":"PropertyValueSpecification","valueRequired":true,"valueName":"search_term_string"}}],"inLanguage":"en-US"},{"@type":"Organization","@id":"https:\/\/hormisa.com\/en\/#organization","name":"Hormisa","alternateName":"Canteras y Hormigones Santander","url":"https:\/\/hormisa.com\/en\/","logo":{"@type":"ImageObject","inLanguage":"en-US","@id":"https:\/\/hormisa.com\/en\/#\/schema\/logo\/image\/","url":"https:\/\/hormisa.com\/wp-content\/uploads\/2016\/05\/logo-hormisa.jpg","contentUrl":"https:\/\/hormisa.com\/wp-content\/uploads\/2016\/05\/logo-hormisa.jpg","width":223,"height":71,"caption":"Hormisa"},"image":{"@id":"https:\/\/hormisa.com\/en\/#\/schema\/logo\/image\/"}}]}},"_links":{"self":[{"href":"https:\/\/hormisa.com\/en\/wp-json\/wp\/v2\/pages\/5558","targetHints":{"allow":["GET"]}}],"collection":[{"href":"https:\/\/hormisa.com\/en\/wp-json\/wp\/v2\/pages"}],"about":[{"href":"https:\/\/hormisa.com\/en\/wp-json\/wp\/v2\/types\/page"}],"author":[{"embeddable":true,"href":"https:\/\/hormisa.com\/en\/wp-json\/wp\/v2\/users\/1"}],"replies":[{"embeddable":true,"href":"https:\/\/hormisa.com\/en\/wp-json\/wp\/v2\/comments?post=5558"}],"version-history":[{"count":5,"href":"https:\/\/hormisa.com\/en\/wp-json\/wp\/v2\/pages\/5558\/revisions"}],"predecessor-version":[{"id":6499,"href":"https:\/\/hormisa.com\/en\/wp-json\/wp\/v2\/pages\/5558\/revisions\/6499"}],"wp:attachment":[{"href":"https:\/\/hormisa.com\/en\/wp-json\/wp\/v2\/media?parent=5558"}],"curies":[{"name":"wp","href":"https:\/\/api.w.org\/{rel}","templated":true}]}}