{"id":5553,"date":"2022-05-06T07:37:55","date_gmt":"2022-05-06T07:37:55","guid":{"rendered":"https:\/\/hormisa.com\/certificaciones\/"},"modified":"2025-10-29T11:40:08","modified_gmt":"2025-10-29T11:40:08","slug":"certifications","status":"publish","type":"page","link":"https:\/\/hormisa.com\/en\/certifications\/","title":{"rendered":"CERTIFICATIONS"},"content":{"rendered":"<p><div class=\"fusion-fullwidth fullwidth-box fusion-builder-row-1 fusion-parallax-none nonhundred-percent-fullwidth non-hundred-percent-height-scrolling fusion-equal-height-columns\" style=\"--awb-background-position:left center;--awb-border-sizes-top:0px;--awb-border-sizes-bottom:0px;--awb-border-sizes-left:0px;--awb-border-sizes-right:0px;--awb-border-radius-top-left:0px;--awb-border-radius-top-right:0px;--awb-border-radius-bottom-right:0px;--awb-border-radius-bottom-left:0px;--awb-padding-top:80px;--awb-padding-bottom:80px;--awb-background-image:url(&quot;https:\/\/hormisa.com\/wp-content\/uploads\/2015\/06\/laboratorio.jpg&quot;);--awb-background-size:cover;--awb-flex-wrap:wrap;\" id=\"contenedorEncabezadoCertificaciones\" ><div class=\"fusion-builder-row fusion-row\"><div class=\"fusion-layout-column fusion_builder_column fusion-builder-column-0 fusion_builder_column_1_1 1_1 fusion-one-full fusion-column-first fusion-column-last\" style=\"--awb-padding-top:90px;--awb-bg-size:cover;\"><div class=\"fusion-column-wrapper fusion-column-has-shadow fusion-flex-column-wrapper-legacy\"><div class=\"fusion-column-content-centered\"><div class=\"fusion-column-content\"><div class=\"fusion-text fusion-text-1\"><h2><span style=\"color: #ffffff;\">Certifications<\/span><\/h2>\n<\/div><\/div><\/div><div class=\"fusion-clearfix\"><\/div><\/div><\/div><\/div><\/div><div class=\"fusion-fullwidth fullwidth-box fusion-builder-row-2 nonhundred-percent-fullwidth non-hundred-percent-height-scrolling fusion-equal-height-columns\" style=\"--awb-background-position:left top;--awb-border-sizes-top:0px;--awb-border-sizes-bottom:0px;--awb-border-sizes-left:0px;--awb-border-sizes-right:0px;--awb-border-radius-top-left:0px;--awb-border-radius-top-right:0px;--awb-border-radius-bottom-right:0px;--awb-border-radius-bottom-left:0px;--awb-padding-top:20px;--awb-padding-bottom:20px;--awb-flex-wrap:wrap;\" ><div class=\"fusion-builder-row fusion-row\"><div class=\"fusion-layout-column fusion_builder_column fusion-builder-column-1 fusion_builder_column_1_1 1_1 fusion-one-full fusion-column-first fusion-column-last listaUnaColumna\" style=\"--awb-bg-size:cover;\" id=\"heightAuto\"><div class=\"fusion-column-wrapper fusion-column-has-shadow fusion-flex-column-wrapper-legacy\"><div class=\"fusion-builder-row fusion-builder-row-inner fusion-row\"><div class=\"fusion-layout-column fusion_builder_column_inner fusion-builder-nested-column-0 fusion_builder_column_inner_2_3 2_3 fusion-two-third fusion-column-first\" style=\"--awb-padding-top:2%;--awb-padding-bottom:1%;--awb-padding-left:2%;--awb-bg-color:#f2f2f2;--awb-bg-color-hover:#f2f2f2;--awb-bg-size:cover;width:66.666666666667%;width:calc(66.666666666667% - ( ( 0px ) * 0.66666666666667 ) );margin-right: 0px;\"><div class=\"fusion-column-wrapper fusion-column-has-shadow fusion-flex-column-wrapper-legacy\"><div class=\"fusion-text fusion-text-2\"><p><strong>HORMISA<\/strong> develops its strategic line of business by obtaining and maintaining <u>quality<\/u>, <u>environmental<\/u>, <u>CE marking<\/u> and <u>D.O.R. certifications<\/u> as a path towards the improvement and optimisation of internal performance, and the capacity to provide products and services that meet customer requirements.<\/p>\n<\/div><div class=\"fusion-clearfix\"><\/div><\/div><\/div><div class=\"fusion-layout-column fusion_builder_column_inner fusion-builder-nested-column-1 fusion_builder_column_inner_1_3 1_3 fusion-one-third fusion-column-last\" style=\"--awb-bg-color:#f2f2f2;--awb-bg-color-hover:#f2f2f2;--awb-bg-size:cover;width:33.333333333333%;width:calc(33.333333333333% - ( ( 0px ) * 0.33333333333333 ) );\"><div class=\"fusion-column-wrapper fusion-column-has-shadow fusion-flex-column-wrapper-legacy\"><div class=\"fusion-column-content-centered\"><div class=\"fusion-column-content\"><div class=\"fusion-image-element in-legacy-container\" style=\"--awb-caption-title-font-family:var(--h2_typography-font-family);--awb-caption-title-font-weight:var(--h2_typography-font-weight);--awb-caption-title-font-style:var(--h2_typography-font-style);--awb-caption-title-size:var(--h2_typography-font-size);--awb-caption-title-transform:var(--h2_typography-text-transform);--awb-caption-title-line-height:var(--h2_typography-line-height);--awb-caption-title-letter-spacing:var(--h2_typography-letter-spacing);\"><span class=\" fusion-imageframe imageframe-none imageframe-1 hover-type-none\"><img decoding=\"async\" width=\"80\" height=\"82\" title=\"bureauVeritas\" src=\"https:\/\/hormisa.com\/wp-content\/uploads\/2022\/05\/bureauVeritas.jpg\" alt class=\"img-responsive wp-image-5067\"\/><\/span><\/div><\/div><\/div><div class=\"fusion-clearfix\"><\/div><\/div><\/div><\/div><div class=\"fusion-clearfix\"><\/div><\/div><\/div><div class=\"fusion-layout-column fusion_builder_column fusion-builder-column-2 fusion_builder_column_1_1 1_1 fusion-one-full fusion-column-first fusion-column-last listaUnaColumna\" style=\"--awb-bg-size:cover;\"><div class=\"fusion-column-wrapper fusion-flex-column-wrapper-legacy\"><div class=\"accordian fusion-accordian elementoUnaColumna\" style=\"--awb-border-size:1px;--awb-icon-size:16px;--awb-content-font-size:20px;--awb-icon-alignment:left;--awb-hover-color:#f9f9f9;--awb-border-color:#cccccc;--awb-background-color:#ffffff;--awb-divider-color:#e0dede;--awb-divider-hover-color:#e0dede;--awb-icon-color:#ffffff;--awb-title-color:#ffcf45;--awb-content-color:#677379;--awb-icon-box-color:#333333;--awb-toggle-hover-accent-color:#ffcf45;--awb-title-font-family:&quot;Lato&quot;;--awb-title-font-weight:400;--awb-title-font-style:normal;--awb-title-font-size:18px;--awb-title-letter-spacing:0px;--awb-title-line-height:2.11;--awb-content-font-family:&quot;Lato&quot;;--awb-content-font-style:normal;--awb-content-font-weight:400;\"><div class=\"panel-group fusion-toggle-icon-boxed\" id=\"accordion-5553-1\"><div class=\"fusion-panel panel-default panel-301ff7bc62154cd71 fusion-toggle-no-divider\"><div class=\"panel-heading\"><h4 class=\"panel-title toggle\" id=\"toggle_301ff7bc62154cd71\"><a aria-expanded=\"false\" aria-controls=\"301ff7bc62154cd71\" role=\"button\" data-toggle=\"collapse\" data-parent=\"#accordion-5553-1\" data-target=\"#301ff7bc62154cd71\" href=\"#301ff7bc62154cd71\"><span class=\"fusion-toggle-icon-wrapper\" aria-hidden=\"true\"><i class=\"fa-fusion-box active-icon awb-icon-minus\" aria-hidden=\"true\"><\/i><i class=\"fa-fusion-box inactive-icon awb-icon-plus\" aria-hidden=\"true\"><\/i><\/span><span class=\"fusion-toggle-heading\">QUALITY AND ENVIRONMENTAL CERTIFICATION<\/span><\/a><\/h4><\/div><div id=\"301ff7bc62154cd71\" class=\"panel-collapse collapse \" aria-labelledby=\"toggle_301ff7bc62154cd71\"><div class=\"panel-body toggle-content fusion-clearfix\">\n<ul class=\"list-group\">\n<li class=\"list-group-item\" style=\"text-align: left; font-size: 20px;\"><a href=\"\/wp-content\/uploads\/2021\/09\/sello9001HormisaGeaser9001.pdf\" target=\"_blank\" rel=\"noopener noreferrer\"><strong><span style=\"color: #f4b80a;\">ISO 9001 &#8211; Quarries, aggregates, concrete and mortar<\/span><\/strong><\/a><\/li>\n<li class=\"list-group-item\" style=\"text-align: left; font-size: 20px;\"><a href=\"\/wp-content\/uploads\/2021\/11\/2021-10-11-10849239-BUQ-CANTERAS-Y-HORMIGONES-SANTANDER-S.L-ESPA\u00d1OL.pdf\" target=\"_blank\" rel=\"noopener noreferrer\"><strong><span style=\"color: #f4b80a;\">ISO 14001 &#8211; Concrete manufacture and supply<\/span><\/strong><\/a><\/li>\n<\/ul>\n<\/div><\/div><\/div><div class=\"fusion-panel panel-default panel-cd7301b524d4457e2 fusion-toggle-no-divider\"><div class=\"panel-heading\"><h4 class=\"panel-title toggle\" id=\"toggle_cd7301b524d4457e2\"><a aria-expanded=\"false\" aria-controls=\"cd7301b524d4457e2\" role=\"button\" data-toggle=\"collapse\" data-parent=\"#accordion-5553-1\" data-target=\"#cd7301b524d4457e2\" href=\"#cd7301b524d4457e2\"><span class=\"fusion-toggle-icon-wrapper\" aria-hidden=\"true\"><i class=\"fa-fusion-box active-icon awb-icon-minus\" aria-hidden=\"true\"><\/i><i class=\"fa-fusion-box inactive-icon awb-icon-plus\" aria-hidden=\"true\"><\/i><\/span><span class=\"fusion-toggle-heading\">CE MARKING<\/span><\/a><\/h4><\/div><div id=\"cd7301b524d4457e2\" class=\"panel-collapse collapse \" aria-labelledby=\"toggle_cd7301b524d4457e2\"><div class=\"panel-body toggle-content fusion-clearfix\">\n<ul class=\"list-group\">\n<li class=\"list-group-item\" style=\"text-align: left; font-size: 20px;\"><a href=\"\/wp-content\/uploads\/2020\/12\/9300887_CANTERAS-SANTANDER_ESPA\u00d1OL_CE-\u00c1RIDOS.pdf\" target=\"_blank\" rel=\"noopener noreferrer\"><strong><span style=\"color: #f4b80a;\">Aggregates<\/span><\/strong><\/a><\/li>\n<li class=\"list-group-item\" style=\"text-align: left; font-size: 20px;\"><a href=\"\/wp-content\/uploads\/2020\/12\/9300889-CANTERAS-Y-HORMIGONES-SANTANDER-SL-ESPA\u00d1OL-MARCADO-CE-MORTERO.pdf\" target=\"_blank\" rel=\"noopener noreferrer\"><strong><span style=\"color: #f4b80a;\">Mortar<\/span><\/strong><\/a><\/li>\n<li class=\"list-group-item\" style=\"text-align: left; font-size: 20px;\"><a href=\"\/wp-content\/uploads\/2016\/08\/HORMISA-CE-CEMENTO.pdf\" target=\"_blank\" rel=\"noopener noreferrer\"><strong><span style=\"color: #f4b80a;\">Cement<\/span><\/strong><\/a><\/li>\n<\/ul>\n<\/div><\/div><\/div><div class=\"fusion-panel panel-default panel-a5195817a8b8d9e1a fusion-toggle-no-divider\"><div class=\"panel-heading\"><h4 class=\"panel-title toggle\" id=\"toggle_a5195817a8b8d9e1a\"><a aria-expanded=\"false\" aria-controls=\"a5195817a8b8d9e1a\" role=\"button\" data-toggle=\"collapse\" data-parent=\"#accordion-5553-1\" data-target=\"#a5195817a8b8d9e1a\" href=\"#a5195817a8b8d9e1a\"><span class=\"fusion-toggle-icon-wrapper\" aria-hidden=\"true\"><i class=\"fa-fusion-box active-icon awb-icon-minus\" aria-hidden=\"true\"><\/i><i class=\"fa-fusion-box inactive-icon awb-icon-plus\" aria-hidden=\"true\"><\/i><\/span><span class=\"fusion-toggle-heading\">DOR CONCRETE MARKING<\/span><\/a><\/h4><\/div><div id=\"a5195817a8b8d9e1a\" class=\"panel-collapse collapse \" aria-labelledby=\"toggle_a5195817a8b8d9e1a\"><div class=\"panel-body toggle-content fusion-clearfix\">\n<ul class=\"list-group\">\n<li class=\"list-group-item\" style=\"text-align: left; font-size: 20px;\"><a href=\"\/wp-content\/uploads\/2022\/01\/HORMISA-DOR-Escobedo.pdf\" target=\"_blank\" rel=\"noopener noreferrer\"><strong><span style=\"color: #f4b80a;\">ARCE-PI\u00c9LAGOS Plant<\/span><\/strong><\/a><\/li>\n<li class=\"list-group-item\" style=\"text-align: left; font-size: 20px;\"><a href=\"\/wp-content\/uploads\/2022\/01\/HORMISA-DOR-Caranceja.pdf\" target=\"_blank\" rel=\"noopener noreferrer\"><strong><span style=\"color: #f4b80a;\">CARANCEJA Plant<\/span><\/strong><\/a><\/li>\n<li class=\"list-group-item\" style=\"text-align: left; font-size: 20px;\"><a href=\"\/wp-content\/uploads\/2022\/01\/HORMISA-DOR-Barros.pdf\" target=\"_blank\" rel=\"noopener noreferrer\"><strong><span style=\"color: #f4b80a;\">BARROS Plant<\/span><\/strong><\/a><\/li>\n<li class=\"list-group-item\" style=\"text-align: left; font-size: 20px;\"><a href=\"\/wp-content\/uploads\/2022\/01\/HORMISA-DOR-Llanes.pdf\" target=\"_blank\" rel=\"noopener noreferrer\"><strong><span style=\"color: #f4b80a;\">LLANES Plant<\/span><\/strong><\/a><\/li>\n<\/ul>\n<\/div><\/div><\/div><div class=\"fusion-panel panel-default panel-a9f03f9e086e4c9c6 fusion-toggle-no-divider\"><div class=\"panel-heading\"><h4 class=\"panel-title toggle\" id=\"toggle_a9f03f9e086e4c9c6\"><a aria-expanded=\"false\" aria-controls=\"a9f03f9e086e4c9c6\" role=\"button\" data-toggle=\"collapse\" data-parent=\"#accordion-5553-1\" data-target=\"#a9f03f9e086e4c9c6\" href=\"#a9f03f9e086e4c9c6\"><span class=\"fusion-toggle-icon-wrapper\" aria-hidden=\"true\"><i class=\"fa-fusion-box active-icon awb-icon-minus\" aria-hidden=\"true\"><\/i><i class=\"fa-fusion-box inactive-icon awb-icon-plus\" aria-hidden=\"true\"><\/i><\/span><span class=\"fusion-toggle-heading\">FACTORY PRODUCTION CONTROL FOR CONCRETE ACCORDING TO RD 163\/2019<\/span><\/a><\/h4><\/div><div id=\"a9f03f9e086e4c9c6\" class=\"panel-collapse collapse \" aria-labelledby=\"toggle_a9f03f9e086e4c9c6\"><div class=\"panel-body toggle-content fusion-clearfix\">\n<ul class=\"list-group\">\n<li class=\"list-group-item\" style=\"text-align: left; font-size: 20px;\"><a href=\"\/wp-content\/uploads\/2021\/11\/12218073-CANTERAS-Y-HORMIGONES-SANTANDER-S.L.-planta-arce-ESPA\u00d1OL-RD163-2019.pdf\" target=\"_blank\" rel=\"noopener noreferrer\"><strong><span style=\"color: #f4b80a;\">Arce-Pi\u00e9lagos Plant<\/span><\/strong><\/a><\/li>\n<li class=\"list-group-item\" style=\"text-align: left; font-size: 20px;\"><a href=\"\/wp-content\/uploads\/2021\/11\/12218011-CANTERAS-Y-HORMIGONES-SANTANDER-S.L.-planta-caranceja-ESPA\u00d1OL-RD163-2019.pdf\" target=\"_blank\" rel=\"noopener noreferrer\"><strong><span style=\"color: #f4b80a;\">Caranceja Plant<\/span><\/strong><\/a><\/li>\n<li class=\"list-group-item\" style=\"text-align: left; font-size: 20px;\"><a href=\"\/wp-content\/uploads\/2021\/11\/12218440-CANTERAS-Y-HORMIGONES-SANTANDER-S.L.-planta-barros-ESPA\u00d1OL-RD163-2019.pdf\" target=\"_blank\" rel=\"noopener noreferrer\"><strong><span style=\"color: #f4b80a;\">Barros Plant<\/span><\/strong><\/a><\/li>\n<li class=\"list-group-item\" style=\"text-align: left; font-size: 20px;\"><a href=\"\/wp-content\/uploads\/2021\/11\/12218185-CANTERAS-Y-HORMIGONES-SANTANDER-S.L.-planta-llanes-ESPA\u00d1OL-RD163-2019.pdf\" target=\"_blank\" rel=\"noopener noreferrer\"><strong><span style=\"color: #f4b80a;\">Llanes Plant<\/span><\/strong><\/a><\/li>\n<\/ul>\n<\/div><\/div><\/div><\/div><\/div><div class=\"fusion-clearfix\"><\/div><\/div><\/div><\/div><\/div><\/p>\n","protected":false},"excerpt":{"rendered":"","protected":false},"author":1,"featured_media":0,"parent":0,"menu_order":0,"comment_status":"closed","ping_status":"closed","template":"100-width.php","meta":{"_acf_changed":false,"footnotes":""},"class_list":["post-5553","page","type-page","status-publish","hentry"],"acf":[],"yoast_head":"<!-- This site is optimized with the Yoast SEO plugin v27.0 - https:\/\/yoast.com\/product\/yoast-seo-wordpress\/ -->\n<title>Hormisa Certifications<\/title>\n<meta name=\"description\" content=\"HORMISA develops its strategic line of business by obtaining and maintaining certifications in quality, environment...\" \/>\n<meta name=\"robots\" content=\"index, follow, max-snippet:-1, max-image-preview:large, max-video-preview:-1\" \/>\n<link rel=\"canonical\" href=\"https:\/\/hormisa.com\/en\/certifications\/\" \/>\n<meta property=\"og:locale\" content=\"en_US\" \/>\n<meta property=\"og:type\" content=\"article\" \/>\n<meta property=\"og:title\" content=\"Hormisa Certifications\" \/>\n<meta property=\"og:description\" content=\"HORMISA develops its strategic line of business by obtaining and maintaining certifications in quality, environment...\" \/>\n<meta property=\"og:url\" content=\"https:\/\/hormisa.com\/en\/certifications\/\" \/>\n<meta property=\"og:site_name\" content=\"Hormisa\" \/>\n<meta property=\"article:modified_time\" content=\"2025-10-29T11:40:08+00:00\" \/>\n<meta name=\"twitter:card\" content=\"summary_large_image\" \/>\n<meta name=\"twitter:label1\" content=\"Est. reading time\" \/>\n\t<meta name=\"twitter:data1\" content=\"1 minute\" \/>\n<script type=\"application\/ld+json\" class=\"yoast-schema-graph\">{\"@context\":\"https:\/\/schema.org\",\"@graph\":[{\"@type\":\"WebPage\",\"@id\":\"https:\/\/hormisa.com\/en\/certifications\/\",\"url\":\"https:\/\/hormisa.com\/en\/certifications\/\",\"name\":\"Hormisa Certifications\",\"isPartOf\":{\"@id\":\"https:\/\/hormisa.com\/en\/#website\"},\"datePublished\":\"2022-05-06T07:37:55+00:00\",\"dateModified\":\"2025-10-29T11:40:08+00:00\",\"description\":\"HORMISA develops its strategic line of business by obtaining and maintaining certifications in quality, environment...\",\"breadcrumb\":{\"@id\":\"https:\/\/hormisa.com\/en\/certifications\/#breadcrumb\"},\"inLanguage\":\"en-US\",\"potentialAction\":[{\"@type\":\"ReadAction\",\"target\":[\"https:\/\/hormisa.com\/en\/certifications\/\"]}]},{\"@type\":\"BreadcrumbList\",\"@id\":\"https:\/\/hormisa.com\/en\/certifications\/#breadcrumb\",\"itemListElement\":[{\"@type\":\"ListItem\",\"position\":1,\"name\":\"Portada\",\"item\":\"https:\/\/hormisa.com\/en\/\"},{\"@type\":\"ListItem\",\"position\":2,\"name\":\"CERTIFICATIONS\"}]},{\"@type\":\"WebSite\",\"@id\":\"https:\/\/hormisa.com\/en\/#website\",\"url\":\"https:\/\/hormisa.com\/en\/\",\"name\":\"Hormisa\",\"description\":\"\u00c1ridos, cementos, morteros y hormigones Norte de Espa\u00f1a - Grupo de Espa\u00f1a\",\"publisher\":{\"@id\":\"https:\/\/hormisa.com\/en\/#organization\"},\"potentialAction\":[{\"@type\":\"SearchAction\",\"target\":{\"@type\":\"EntryPoint\",\"urlTemplate\":\"https:\/\/hormisa.com\/en\/?s={search_term_string}\"},\"query-input\":{\"@type\":\"PropertyValueSpecification\",\"valueRequired\":true,\"valueName\":\"search_term_string\"}}],\"inLanguage\":\"en-US\"},{\"@type\":\"Organization\",\"@id\":\"https:\/\/hormisa.com\/en\/#organization\",\"name\":\"Hormisa\",\"alternateName\":\"Canteras y Hormigones Santander\",\"url\":\"https:\/\/hormisa.com\/en\/\",\"logo\":{\"@type\":\"ImageObject\",\"inLanguage\":\"en-US\",\"@id\":\"https:\/\/hormisa.com\/en\/#\/schema\/logo\/image\/\",\"url\":\"https:\/\/hormisa.com\/wp-content\/uploads\/2016\/05\/logo-hormisa.jpg\",\"contentUrl\":\"https:\/\/hormisa.com\/wp-content\/uploads\/2016\/05\/logo-hormisa.jpg\",\"width\":223,\"height\":71,\"caption\":\"Hormisa\"},\"image\":{\"@id\":\"https:\/\/hormisa.com\/en\/#\/schema\/logo\/image\/\"}}]}<\/script>\n<!-- \/ Yoast SEO plugin. -->","yoast_head_json":{"title":"Hormisa Certifications","description":"HORMISA develops its strategic line of business by obtaining and maintaining certifications in quality, environment...","robots":{"index":"index","follow":"follow","max-snippet":"max-snippet:-1","max-image-preview":"max-image-preview:large","max-video-preview":"max-video-preview:-1"},"canonical":"https:\/\/hormisa.com\/en\/certifications\/","og_locale":"en_US","og_type":"article","og_title":"Hormisa Certifications","og_description":"HORMISA develops its strategic line of business by obtaining and maintaining certifications in quality, environment...","og_url":"https:\/\/hormisa.com\/en\/certifications\/","og_site_name":"Hormisa","article_modified_time":"2025-10-29T11:40:08+00:00","twitter_card":"summary_large_image","twitter_misc":{"Est. reading time":"1 minute"},"schema":{"@context":"https:\/\/schema.org","@graph":[{"@type":"WebPage","@id":"https:\/\/hormisa.com\/en\/certifications\/","url":"https:\/\/hormisa.com\/en\/certifications\/","name":"Hormisa Certifications","isPartOf":{"@id":"https:\/\/hormisa.com\/en\/#website"},"datePublished":"2022-05-06T07:37:55+00:00","dateModified":"2025-10-29T11:40:08+00:00","description":"HORMISA develops its strategic line of business by obtaining and maintaining certifications in quality, environment...","breadcrumb":{"@id":"https:\/\/hormisa.com\/en\/certifications\/#breadcrumb"},"inLanguage":"en-US","potentialAction":[{"@type":"ReadAction","target":["https:\/\/hormisa.com\/en\/certifications\/"]}]},{"@type":"BreadcrumbList","@id":"https:\/\/hormisa.com\/en\/certifications\/#breadcrumb","itemListElement":[{"@type":"ListItem","position":1,"name":"Portada","item":"https:\/\/hormisa.com\/en\/"},{"@type":"ListItem","position":2,"name":"CERTIFICATIONS"}]},{"@type":"WebSite","@id":"https:\/\/hormisa.com\/en\/#website","url":"https:\/\/hormisa.com\/en\/","name":"Hormisa","description":"\u00c1ridos, cementos, morteros y hormigones Norte de Espa\u00f1a - Grupo de Espa\u00f1a","publisher":{"@id":"https:\/\/hormisa.com\/en\/#organization"},"potentialAction":[{"@type":"SearchAction","target":{"@type":"EntryPoint","urlTemplate":"https:\/\/hormisa.com\/en\/?s={search_term_string}"},"query-input":{"@type":"PropertyValueSpecification","valueRequired":true,"valueName":"search_term_string"}}],"inLanguage":"en-US"},{"@type":"Organization","@id":"https:\/\/hormisa.com\/en\/#organization","name":"Hormisa","alternateName":"Canteras y Hormigones Santander","url":"https:\/\/hormisa.com\/en\/","logo":{"@type":"ImageObject","inLanguage":"en-US","@id":"https:\/\/hormisa.com\/en\/#\/schema\/logo\/image\/","url":"https:\/\/hormisa.com\/wp-content\/uploads\/2016\/05\/logo-hormisa.jpg","contentUrl":"https:\/\/hormisa.com\/wp-content\/uploads\/2016\/05\/logo-hormisa.jpg","width":223,"height":71,"caption":"Hormisa"},"image":{"@id":"https:\/\/hormisa.com\/en\/#\/schema\/logo\/image\/"}}]}},"_links":{"self":[{"href":"https:\/\/hormisa.com\/en\/wp-json\/wp\/v2\/pages\/5553","targetHints":{"allow":["GET"]}}],"collection":[{"href":"https:\/\/hormisa.com\/en\/wp-json\/wp\/v2\/pages"}],"about":[{"href":"https:\/\/hormisa.com\/en\/wp-json\/wp\/v2\/types\/page"}],"author":[{"embeddable":true,"href":"https:\/\/hormisa.com\/en\/wp-json\/wp\/v2\/users\/1"}],"replies":[{"embeddable":true,"href":"https:\/\/hormisa.com\/en\/wp-json\/wp\/v2\/comments?post=5553"}],"version-history":[{"count":7,"href":"https:\/\/hormisa.com\/en\/wp-json\/wp\/v2\/pages\/5553\/revisions"}],"predecessor-version":[{"id":6493,"href":"https:\/\/hormisa.com\/en\/wp-json\/wp\/v2\/pages\/5553\/revisions\/6493"}],"wp:attachment":[{"href":"https:\/\/hormisa.com\/en\/wp-json\/wp\/v2\/media?parent=5553"}],"curies":[{"name":"wp","href":"https:\/\/api.w.org\/{rel}","templated":true}]}}