{"id":5547,"date":"2015-02-10T19:22:07","date_gmt":"2015-02-10T19:22:07","guid":{"rendered":"https:\/\/hormisa.com\/contacto\/"},"modified":"2022-07-19T12:58:02","modified_gmt":"2022-07-19T12:58:02","slug":"contact","status":"publish","type":"page","link":"https:\/\/hormisa.com\/en\/contact\/","title":{"rendered":"CONTACT"},"content":{"rendered":"<div class=\"fusion-fullwidth fullwidth-box fusion-builder-row-1 fusion-parallax-none nonhundred-percent-fullwidth non-hundred-percent-height-scrolling\" style=\"--awb-background-position:center bottom;--awb-border-radius-top-left:0px;--awb-border-radius-top-right:0px;--awb-border-radius-bottom-right:0px;--awb-border-radius-bottom-left:0px;--awb-padding-top:130px;--awb-padding-bottom:110px;--awb-background-image:url(&quot;https:\/\/hormisa.com\/wp-content\/uploads\/2022\/07\/fondo-contacta-hormisa.jpg&quot;);--awb-background-size:cover;--awb-border-sizes-top:0px;--awb-border-sizes-bottom:0px;--awb-flex-wrap:wrap;\" ><div class=\"fusion-builder-row fusion-row\"><div class=\"fusion-layout-column fusion_builder_column fusion-builder-column-0 fusion_builder_column_1_1 1_1 fusion-one-full fusion-column-first fusion-column-last fusion-column-no-min-height\" style=\"--awb-bg-size:cover;--awb-margin-bottom:0px;\"><div class=\"fusion-column-wrapper fusion-flex-column-wrapper-legacy\"><div class=\"fusion-text fusion-text-1\"><h2><span style=\"color: #ffffff;\">CONTACT NOW<\/span><\/h2>\n<p><span style=\"color: #ffffff;\">At Hormisa, we offer several different methods for contacting us, both at our offices in Cantabria (Spain) and through our central switchboard on <a href=\"tel:942580861\">942 58 08 61<\/a>. Please indicate your requirements and we will contact you.<\/span><\/p>\n<\/div><div class=\"fusion-sep-clear\"><\/div><div class=\"fusion-separator fusion-full-width-sep\" style=\"margin-left: auto;margin-right: auto;margin-top:100px;width:100%;\"><\/div><div class=\"fusion-sep-clear\"><\/div><div class=\"fusion-clearfix\"><\/div><\/div><\/div><div class=\"fusion-layout-column fusion_builder_column fusion-builder-column-1 fusion_builder_column_1_2 1_2 fusion-one-half fusion-column-first\" style=\"--awb-padding-top:4%;--awb-padding-right:2%;--awb-padding-bottom:2%;--awb-padding-left:2%;--awb-bg-color:rgba(255,255,255,0.52);--awb-bg-color-hover:rgba(255,255,255,0.52);--awb-bg-size:cover;width:48%; margin-right: 4%;\" id=\"formularioHubSpot\"><div class=\"fusion-column-wrapper fusion-column-has-shadow fusion-flex-column-wrapper-legacy\"><script charset=\"utf-8\" type=\"text\/javascript\" src=\"\/\/js-eu1.hsforms.net\/forms\/v2.js\"><\/script>\n<script>\n  hbspt.forms.create({\n    region: \"eu1\",\n    portalId: \"25954766\",\n    formId: \"939bc877-6e71-41e4-bc99-69ef0fc2f3b5\"\n  });\n<\/script><div class=\"fusion-clearfix\"><\/div><\/div><\/div><div class=\"fusion-layout-column fusion_builder_column fusion-builder-column-2 fusion_builder_column_1_2 1_2 fusion-one-half fusion-column-last\" style=\"--awb-bg-size:cover;width:48%;\"><div class=\"fusion-column-wrapper fusion-flex-column-wrapper-legacy\"><div class=\"fusion-text fusion-text-2\">\t\t\r\n\t\t<div id=\"contenedorGoogleMaps\">\r\n\t\t\r\n\t\t<div class=\"leaflet-map WPLeafletMap\" style=\"height:500px; width:100%;\"><\/div><script>\nwindow.WPLeafletMapPlugin = window.WPLeafletMapPlugin || [];\nwindow.WPLeafletMapPlugin.push(function WPLeafletMapShortcode() {\/*<script>*\/\nvar baseUrl = atob('aHR0cHM6Ly9tYXBzLmV1cm9jYXN0YWxpYS5jb20vbWIvbWFwYm94LnN0cmVldHMve3p9L3t4fS97eX0=');\nvar base = (!baseUrl && window.MQ) ?\n    window.MQ.mapLayer() : L.tileLayer(baseUrl,\n        L.Util.extend({}, {\n            detectRetina: 0,\n        },\n        {\"subdomains\":\"abc\",\"noWrap\":false,\"maxZoom\":18}        )\n    );\n    var options = L.Util.extend({}, {\n        layers: [base],\n        attributionControl: false\n    },\n    {\"zoomControl\":true,\"scrollWheelZoom\":false,\"doubleClickZoom\":false,\"fitBounds\":true,\"minZoom\":0,\"maxZoom\":18,\"maxBounds\":null,\"attribution\":\"<a href=\\\"https:\\\/\\\/leafletjs.com\\\" title=\\\"A JS library for interactive maps\\\">Leaflet<\\\/a>; \\\\r\\\\n\\u00a9 <a href=\\\"https:\\\/\\\/www.openstreetmap.org\\\/copyright\\\">OpenStreetMap<\\\/a> contributors , Imagery \\u00a9 <a href=\\\"https:\\\/\\\/www.mapbox.com\\\/\\\">Mapbox<\\\/a>\"},\n    {});\nwindow.WPLeafletMapPlugin.createMap(options).setView([43.1355296,-4.2808849],12);});<\/script><script>\nwindow.WPLeafletMapPlugin = window.WPLeafletMapPlugin || [];\nwindow.WPLeafletMapPlugin.push(function WPLeafletMarkerShortcode() {\/*<script>*\/\nvar map = window.WPLeafletMapPlugin.getCurrentMap();\nvar group = window.WPLeafletMapPlugin.getCurrentGroup();\nvar marker_options = window.WPLeafletMapPlugin.getIconOptions({\"iconUrl\":\"https:\\\/\\\/hormisa.com\\\/wp-content\\\/uploads\\\/2016\\\/09\\\/ico-mapa.jpg\",\"iconSize\":\"30,30\",\"iconAnchor\":\"30,30\"});\nvar marker = L.marker(\n    [43.28878,-4.072623],\n    marker_options\n);\nvar is_image = map.is_image_map;\nif (marker_options.draggable) {\n    marker.on('dragend', function () {\n        var latlng = this.getLatLng();\n        var lat = latlng.lat;\n        var lng = latlng.lng;\n        if (is_image) {\n            console.log('leaflet-marker y=' + lat + ' x=' + lng);\n        } else {\n            console.log('leaflet-marker lat=' + lat + ' lng=' + lng);\n        }\n    });\n}\nmarker.addTo( group );\nmarker.bindPopup(window.WPLeafletMapPlugin.unescape('&lt;p&gt;San Felices de Buelna&lt;\/p&gt;&lt;br&gt;'));window.WPLeafletMapPlugin.markers.push( marker );\n        });<\/script><script>\nwindow.WPLeafletMapPlugin = window.WPLeafletMapPlugin || [];\nwindow.WPLeafletMapPlugin.push(function WPLeafletMarkerShortcode() {\/*<script>*\/\nvar map = window.WPLeafletMapPlugin.getCurrentMap();\nvar group = window.WPLeafletMapPlugin.getCurrentGroup();\nvar marker_options = window.WPLeafletMapPlugin.getIconOptions({\"iconUrl\":\"https:\\\/\\\/hormisa.com\\\/wp-content\\\/uploads\\\/2016\\\/09\\\/ico-mapa-1.jpg\",\"iconSize\":\"30,30\",\"iconAnchor\":\"30,30\"});\nvar marker = L.marker(\n    [43.28878,-4.072623],\n    marker_options\n);\nvar is_image = map.is_image_map;\nif (marker_options.draggable) {\n    marker.on('dragend', function () {\n        var latlng = this.getLatLng();\n        var lat = latlng.lat;\n        var lng = latlng.lng;\n        if (is_image) {\n            console.log('leaflet-marker y=' + lat + ' x=' + lng);\n        } else {\n            console.log('leaflet-marker lat=' + lat + ' lng=' + lng);\n        }\n    });\n}\nmarker.addTo( group );\nmarker.bindPopup(window.WPLeafletMapPlugin.unescape('&lt;p&gt;San Felices de Buelna Quarry and Barros concrete plant&lt;\/p&gt;&lt;br&gt;'));window.WPLeafletMapPlugin.markers.push( marker );\n        });<\/script><script>\nwindow.WPLeafletMapPlugin = window.WPLeafletMapPlugin || [];\nwindow.WPLeafletMapPlugin.push(function WPLeafletMarkerShortcode() {\/*<script>*\/\nvar map = window.WPLeafletMapPlugin.getCurrentMap();\nvar group = window.WPLeafletMapPlugin.getCurrentGroup();\nvar marker_options = window.WPLeafletMapPlugin.getIconOptions({\"iconUrl\":\"https:\\\/\\\/hormisa.com\\\/wp-content\\\/uploads\\\/2016\\\/09\\\/ico-mapa-2.jpg\",\"iconSize\":\"30,30\",\"iconAnchor\":\"30,30\"});\nvar marker = L.marker(\n    [43.336221,-4.161555],\n    marker_options\n);\nvar is_image = map.is_image_map;\nif (marker_options.draggable) {\n    marker.on('dragend', function () {\n        var latlng = this.getLatLng();\n        var lat = latlng.lat;\n        var lng = latlng.lng;\n        if (is_image) {\n            console.log('leaflet-marker y=' + lat + ' x=' + lng);\n        } else {\n            console.log('leaflet-marker lat=' + lat + ' lng=' + lng);\n        }\n    });\n}\nmarker.addTo( group );\nmarker.bindPopup(window.WPLeafletMapPlugin.unescape('&lt;p&gt;Caranceja quarry and concrete plant&lt;\/p&gt;&lt;br&gt;'));window.WPLeafletMapPlugin.markers.push( marker );\n        });<\/script><script>\nwindow.WPLeafletMapPlugin = window.WPLeafletMapPlugin || [];\nwindow.WPLeafletMapPlugin.push(function WPLeafletMarkerShortcode() {\/*<script>*\/\nvar map = window.WPLeafletMapPlugin.getCurrentMap();\nvar group = window.WPLeafletMapPlugin.getCurrentGroup();\nvar marker_options = window.WPLeafletMapPlugin.getIconOptions({\"iconUrl\":\"https:\\\/\\\/hormisa.com\\\/wp-content\\\/uploads\\\/2016\\\/09\\\/ico-mapa-3.jpg\",\"iconSize\":\"30,30\",\"iconAnchor\":\"30,30\"});\nvar marker = L.marker(\n    [43.400994,-4.784889],\n    marker_options\n);\nvar is_image = map.is_image_map;\nif (marker_options.draggable) {\n    marker.on('dragend', function () {\n        var latlng = this.getLatLng();\n        var lat = latlng.lat;\n        var lng = latlng.lng;\n        if (is_image) {\n            console.log('leaflet-marker y=' + lat + ' x=' + lng);\n        } else {\n            console.log('leaflet-marker lat=' + lat + ' lng=' + lng);\n        }\n    });\n}\nmarker.addTo( group );\nmarker.bindPopup(window.WPLeafletMapPlugin.unescape('&lt;p&gt;Llanes quarry and concrete plant&lt;\/p&gt;&lt;br&gt;'));window.WPLeafletMapPlugin.markers.push( marker );\n        });<\/script><script>\nwindow.WPLeafletMapPlugin = window.WPLeafletMapPlugin || [];\nwindow.WPLeafletMapPlugin.push(function WPLeafletMarkerShortcode() {\/*<script>*\/\nvar map = window.WPLeafletMapPlugin.getCurrentMap();\nvar group = window.WPLeafletMapPlugin.getCurrentGroup();\nvar marker_options = window.WPLeafletMapPlugin.getIconOptions({\"iconUrl\":\"https:\\\/\\\/hormisa.com\\\/wp-content\\\/uploads\\\/2016\\\/09\\\/ico-mapa-4.jpg\",\"iconSize\":\"30,30\",\"iconAnchor\":\"30,30\"});\nvar marker = L.marker(\n    [41.972437,-3.765103],\n    marker_options\n);\nvar is_image = map.is_image_map;\nif (marker_options.draggable) {\n    marker.on('dragend', function () {\n        var latlng = this.getLatLng();\n        var lat = latlng.lat;\n        var lng = latlng.lng;\n        if (is_image) {\n            console.log('leaflet-marker y=' + lat + ' x=' + lng);\n        } else {\n            console.log('leaflet-marker lat=' + lat + ' lng=' + lng);\n        }\n    });\n}\nmarker.addTo( group );\nmarker.bindPopup(window.WPLeafletMapPlugin.unescape('&lt;p&gt;Lerma aggregates quarry&lt;\/p&gt;&lt;br&gt;'));window.WPLeafletMapPlugin.markers.push( marker );\n        });<\/script><script>\nwindow.WPLeafletMapPlugin = window.WPLeafletMapPlugin || [];\nwindow.WPLeafletMapPlugin.push(function WPLeafletMarkerShortcode() {\/*<script>*\/\nvar map = window.WPLeafletMapPlugin.getCurrentMap();\nvar group = window.WPLeafletMapPlugin.getCurrentGroup();\nvar marker_options = window.WPLeafletMapPlugin.getIconOptions({\"iconUrl\":\"https:\\\/\\\/hormisa.com\\\/wp-content\\\/uploads\\\/2016\\\/09\\\/ico-mapa-5.jpg\",\"iconSize\":\"30,30\",\"iconAnchor\":\"30,30\"});\nvar marker = L.marker(\n    [43.440851,-3.889359],\n    marker_options\n);\nvar is_image = map.is_image_map;\nif (marker_options.draggable) {\n    marker.on('dragend', function () {\n        var latlng = this.getLatLng();\n        var lat = latlng.lat;\n        var lng = latlng.lng;\n        if (is_image) {\n            console.log('leaflet-marker y=' + lat + ' x=' + lng);\n        } else {\n            console.log('leaflet-marker lat=' + lat + ' lng=' + lng);\n        }\n    });\n}\nmarker.addTo( group );\nmarker.bindPopup(window.WPLeafletMapPlugin.unescape('&lt;p&gt;Igollo de Camargo cement plant&lt;\/p&gt;&lt;br&gt;'));window.WPLeafletMapPlugin.markers.push( marker );\n        });<\/script><script>\nwindow.WPLeafletMapPlugin = window.WPLeafletMapPlugin || [];\nwindow.WPLeafletMapPlugin.push(function WPLeafletMarkerShortcode() {\/*<script>*\/\nvar map = window.WPLeafletMapPlugin.getCurrentMap();\nvar group = window.WPLeafletMapPlugin.getCurrentGroup();\nvar marker_options = window.WPLeafletMapPlugin.getIconOptions({\"iconUrl\":\"https:\\\/\\\/hormisa.com\\\/wp-content\\\/uploads\\\/2016\\\/09\\\/ico-mapa-6.jpg\",\"iconSize\":\"30,30\",\"iconAnchor\":\"30,30\"});\nvar marker = L.marker(\n    [43.403457,-3.919716],\n    marker_options\n);\nvar is_image = map.is_image_map;\nif (marker_options.draggable) {\n    marker.on('dragend', function () {\n        var latlng = this.getLatLng();\n        var lat = latlng.lat;\n        var lng = latlng.lng;\n        if (is_image) {\n            console.log('leaflet-marker y=' + lat + ' x=' + lng);\n        } else {\n            console.log('leaflet-marker lat=' + lat + ' lng=' + lng);\n        }\n    });\n}\nmarker.addTo( group );\nmarker.bindPopup(window.WPLeafletMapPlugin.unescape('&lt;p&gt;Arce &amp;#8211; Pi\u00e9lagos quarry and concrete plant&lt;\/p&gt;&lt;br&gt;'));window.WPLeafletMapPlugin.markers.push( marker );\n        });<\/script><script>\nwindow.WPLeafletMapPlugin = window.WPLeafletMapPlugin || [];\nwindow.WPLeafletMapPlugin.push(function WPLeafletMarkerShortcode() {\/*<script>*\/\nvar map = window.WPLeafletMapPlugin.getCurrentMap();\nvar group = window.WPLeafletMapPlugin.getCurrentGroup();\nvar marker_options = window.WPLeafletMapPlugin.getIconOptions({\"iconUrl\":\"https:\\\/\\\/hormisa.com\\\/wp-content\\\/uploads\\\/2016\\\/09\\\/ico-mapa-6.jpg\",\"iconSize\":\"30,30\",\"iconAnchor\":\"30,30\"});\nvar marker = L.marker(\n    [43.403457,-3.919716],\n    marker_options\n);\nvar is_image = map.is_image_map;\nif (marker_options.draggable) {\n    marker.on('dragend', function () {\n        var latlng = this.getLatLng();\n        var lat = latlng.lat;\n        var lng = latlng.lng;\n        if (is_image) {\n            console.log('leaflet-marker y=' + lat + ' x=' + lng);\n        } else {\n            console.log('leaflet-marker lat=' + lat + ' lng=' + lng);\n        }\n    });\n}\nmarker.addTo( group );\nmarker.bindPopup(window.WPLeafletMapPlugin.unescape('&lt;p&gt;Grupo Minero Luc\u00eda&lt;\/p&gt;&lt;br&gt;'));window.WPLeafletMapPlugin.markers.push( marker );\n        });<\/script><script>\nwindow.WPLeafletMapPlugin = window.WPLeafletMapPlugin || [];\nwindow.WPLeafletMapPlugin.push(function WPLeafletMarkerShortcode() {\/*<script>*\/\nvar map = window.WPLeafletMapPlugin.getCurrentMap();\nvar group = window.WPLeafletMapPlugin.getCurrentGroup();\nvar marker_options = window.WPLeafletMapPlugin.getIconOptions({\"iconUrl\":\"https:\\\/\\\/hormisa.com\\\/wp-content\\\/uploads\\\/2016\\\/09\\\/ico-mapa-8.jpg\",\"iconSize\":\"30,30\",\"iconAnchor\":\"30,30\"});\nvar marker = L.marker(\n    [43.440856,-3.889332],\n    marker_options\n);\nvar is_image = map.is_image_map;\nif (marker_options.draggable) {\n    marker.on('dragend', function () {\n        var latlng = this.getLatLng();\n        var lat = latlng.lat;\n        var lng = latlng.lng;\n        if (is_image) {\n            console.log('leaflet-marker y=' + lat + ' x=' + lng);\n        } else {\n            console.log('leaflet-marker lat=' + lat + ' lng=' + lng);\n        }\n    });\n}\nmarker.addTo( group );\nmarker.bindPopup(window.WPLeafletMapPlugin.unescape('&lt;p&gt;Igollo de Camargo mortar plant&lt;\/p&gt;&lt;br&gt;'));window.WPLeafletMapPlugin.markers.push( marker );\n        });<\/script><script>\nwindow.WPLeafletMapPlugin = window.WPLeafletMapPlugin || [];\nwindow.WPLeafletMapPlugin.push(function WPLeafletMarkerShortcode() {\/*<script>*\/\nvar map = window.WPLeafletMapPlugin.getCurrentMap();\nvar group = window.WPLeafletMapPlugin.getCurrentGroup();\nvar marker_options = window.WPLeafletMapPlugin.getIconOptions({\"iconUrl\":\"https:\\\/\\\/hormisa.com\\\/wp-content\\\/uploads\\\/2016\\\/09\\\/ico-mapa-7.jpg\",\"iconSize\":\"30,30\",\"iconAnchor\":\"30,30\"});\nvar marker = L.marker(\n    [41.972437,-3.765103],\n    marker_options\n);\nvar is_image = map.is_image_map;\nif (marker_options.draggable) {\n    marker.on('dragend', function () {\n        var latlng = this.getLatLng();\n        var lat = latlng.lat;\n        var lng = latlng.lng;\n        if (is_image) {\n            console.log('leaflet-marker y=' + lat + ' x=' + lng);\n        } else {\n            console.log('leaflet-marker lat=' + lat + ' lng=' + lng);\n        }\n    });\n}\nmarker.addTo( group );\nmarker.bindPopup(window.WPLeafletMapPlugin.unescape('&lt;p&gt;Lerma mortar plant&lt;\/p&gt;&lt;br&gt;'));window.WPLeafletMapPlugin.markers.push( marker );\n        });<\/script>\t\t\r\n\t\t<\/div>\r\n\t\t\r\n\t\t\n<\/div><div class=\"fusion-clearfix\"><\/div><\/div><\/div><\/div><\/div>\n","protected":false},"excerpt":{"rendered":"","protected":false},"author":1,"featured_media":0,"parent":0,"menu_order":0,"comment_status":"closed","ping_status":"closed","template":"100-width.php","meta":{"_acf_changed":false,"footnotes":""},"class_list":["post-5547","page","type-page","status-publish","hentry"],"acf":[],"yoast_head":"<!-- This site is optimized with the Yoast SEO plugin v27.0 - https:\/\/yoast.com\/product\/yoast-seo-wordpress\/ -->\n<title>Hormisa Contact<\/title>\n<meta name=\"description\" content=\"From Hormisa we offer you different possibilities of contact, both in our offices in Cantabria and through 942 58 08 61\" \/>\n<meta name=\"robots\" content=\"index, follow, max-snippet:-1, max-image-preview:large, max-video-preview:-1\" \/>\n<link rel=\"canonical\" href=\"https:\/\/hormisa.com\/en\/contact\/\" \/>\n<meta property=\"og:locale\" content=\"en_US\" \/>\n<meta property=\"og:type\" content=\"article\" \/>\n<meta property=\"og:title\" content=\"Hormisa Contact\" \/>\n<meta property=\"og:description\" content=\"From Hormisa we offer you different possibilities of contact, both in our offices in Cantabria and through 942 58 08 61\" \/>\n<meta property=\"og:url\" content=\"https:\/\/hormisa.com\/en\/contact\/\" \/>\n<meta property=\"og:site_name\" content=\"Hormisa\" \/>\n<meta property=\"article:modified_time\" content=\"2022-07-19T12:58:02+00:00\" \/>\n<meta name=\"twitter:card\" content=\"summary_large_image\" \/>\n<meta name=\"twitter:label1\" content=\"Est. reading time\" \/>\n\t<meta name=\"twitter:data1\" content=\"2 minutes\" \/>\n<script type=\"application\/ld+json\" class=\"yoast-schema-graph\">{\"@context\":\"https:\/\/schema.org\",\"@graph\":[{\"@type\":\"WebPage\",\"@id\":\"https:\/\/hormisa.com\/en\/contact\/\",\"url\":\"https:\/\/hormisa.com\/en\/contact\/\",\"name\":\"Hormisa Contact\",\"isPartOf\":{\"@id\":\"https:\/\/hormisa.com\/en\/#website\"},\"datePublished\":\"2015-02-10T19:22:07+00:00\",\"dateModified\":\"2022-07-19T12:58:02+00:00\",\"description\":\"From Hormisa we offer you different possibilities of contact, both in our offices in Cantabria and through 942 58 08 61\",\"breadcrumb\":{\"@id\":\"https:\/\/hormisa.com\/en\/contact\/#breadcrumb\"},\"inLanguage\":\"en-US\",\"potentialAction\":[{\"@type\":\"ReadAction\",\"target\":[\"https:\/\/hormisa.com\/en\/contact\/\"]}]},{\"@type\":\"BreadcrumbList\",\"@id\":\"https:\/\/hormisa.com\/en\/contact\/#breadcrumb\",\"itemListElement\":[{\"@type\":\"ListItem\",\"position\":1,\"name\":\"Portada\",\"item\":\"https:\/\/hormisa.com\/en\/\"},{\"@type\":\"ListItem\",\"position\":2,\"name\":\"CONTACT\"}]},{\"@type\":\"WebSite\",\"@id\":\"https:\/\/hormisa.com\/en\/#website\",\"url\":\"https:\/\/hormisa.com\/en\/\",\"name\":\"Hormisa\",\"description\":\"\u00c1ridos, cementos, morteros y hormigones Norte de Espa\u00f1a - Grupo de Espa\u00f1a\",\"publisher\":{\"@id\":\"https:\/\/hormisa.com\/en\/#organization\"},\"potentialAction\":[{\"@type\":\"SearchAction\",\"target\":{\"@type\":\"EntryPoint\",\"urlTemplate\":\"https:\/\/hormisa.com\/en\/?s={search_term_string}\"},\"query-input\":{\"@type\":\"PropertyValueSpecification\",\"valueRequired\":true,\"valueName\":\"search_term_string\"}}],\"inLanguage\":\"en-US\"},{\"@type\":\"Organization\",\"@id\":\"https:\/\/hormisa.com\/en\/#organization\",\"name\":\"Hormisa\",\"alternateName\":\"Canteras y Hormigones Santander\",\"url\":\"https:\/\/hormisa.com\/en\/\",\"logo\":{\"@type\":\"ImageObject\",\"inLanguage\":\"en-US\",\"@id\":\"https:\/\/hormisa.com\/en\/#\/schema\/logo\/image\/\",\"url\":\"https:\/\/hormisa.com\/wp-content\/uploads\/2016\/05\/logo-hormisa.jpg\",\"contentUrl\":\"https:\/\/hormisa.com\/wp-content\/uploads\/2016\/05\/logo-hormisa.jpg\",\"width\":223,\"height\":71,\"caption\":\"Hormisa\"},\"image\":{\"@id\":\"https:\/\/hormisa.com\/en\/#\/schema\/logo\/image\/\"}}]}<\/script>\n<!-- \/ Yoast SEO plugin. -->","yoast_head_json":{"title":"Hormisa Contact","description":"From Hormisa we offer you different possibilities of contact, both in our offices in Cantabria and through 942 58 08 61","robots":{"index":"index","follow":"follow","max-snippet":"max-snippet:-1","max-image-preview":"max-image-preview:large","max-video-preview":"max-video-preview:-1"},"canonical":"https:\/\/hormisa.com\/en\/contact\/","og_locale":"en_US","og_type":"article","og_title":"Hormisa Contact","og_description":"From Hormisa we offer you different possibilities of contact, both in our offices in Cantabria and through 942 58 08 61","og_url":"https:\/\/hormisa.com\/en\/contact\/","og_site_name":"Hormisa","article_modified_time":"2022-07-19T12:58:02+00:00","twitter_card":"summary_large_image","twitter_misc":{"Est. reading time":"2 minutes"},"schema":{"@context":"https:\/\/schema.org","@graph":[{"@type":"WebPage","@id":"https:\/\/hormisa.com\/en\/contact\/","url":"https:\/\/hormisa.com\/en\/contact\/","name":"Hormisa Contact","isPartOf":{"@id":"https:\/\/hormisa.com\/en\/#website"},"datePublished":"2015-02-10T19:22:07+00:00","dateModified":"2022-07-19T12:58:02+00:00","description":"From Hormisa we offer you different possibilities of contact, both in our offices in Cantabria and through 942 58 08 61","breadcrumb":{"@id":"https:\/\/hormisa.com\/en\/contact\/#breadcrumb"},"inLanguage":"en-US","potentialAction":[{"@type":"ReadAction","target":["https:\/\/hormisa.com\/en\/contact\/"]}]},{"@type":"BreadcrumbList","@id":"https:\/\/hormisa.com\/en\/contact\/#breadcrumb","itemListElement":[{"@type":"ListItem","position":1,"name":"Portada","item":"https:\/\/hormisa.com\/en\/"},{"@type":"ListItem","position":2,"name":"CONTACT"}]},{"@type":"WebSite","@id":"https:\/\/hormisa.com\/en\/#website","url":"https:\/\/hormisa.com\/en\/","name":"Hormisa","description":"\u00c1ridos, cementos, morteros y hormigones Norte de Espa\u00f1a - Grupo de Espa\u00f1a","publisher":{"@id":"https:\/\/hormisa.com\/en\/#organization"},"potentialAction":[{"@type":"SearchAction","target":{"@type":"EntryPoint","urlTemplate":"https:\/\/hormisa.com\/en\/?s={search_term_string}"},"query-input":{"@type":"PropertyValueSpecification","valueRequired":true,"valueName":"search_term_string"}}],"inLanguage":"en-US"},{"@type":"Organization","@id":"https:\/\/hormisa.com\/en\/#organization","name":"Hormisa","alternateName":"Canteras y Hormigones Santander","url":"https:\/\/hormisa.com\/en\/","logo":{"@type":"ImageObject","inLanguage":"en-US","@id":"https:\/\/hormisa.com\/en\/#\/schema\/logo\/image\/","url":"https:\/\/hormisa.com\/wp-content\/uploads\/2016\/05\/logo-hormisa.jpg","contentUrl":"https:\/\/hormisa.com\/wp-content\/uploads\/2016\/05\/logo-hormisa.jpg","width":223,"height":71,"caption":"Hormisa"},"image":{"@id":"https:\/\/hormisa.com\/en\/#\/schema\/logo\/image\/"}}]}},"_links":{"self":[{"href":"https:\/\/hormisa.com\/en\/wp-json\/wp\/v2\/pages\/5547","targetHints":{"allow":["GET"]}}],"collection":[{"href":"https:\/\/hormisa.com\/en\/wp-json\/wp\/v2\/pages"}],"about":[{"href":"https:\/\/hormisa.com\/en\/wp-json\/wp\/v2\/types\/page"}],"author":[{"embeddable":true,"href":"https:\/\/hormisa.com\/en\/wp-json\/wp\/v2\/users\/1"}],"replies":[{"embeddable":true,"href":"https:\/\/hormisa.com\/en\/wp-json\/wp\/v2\/comments?post=5547"}],"version-history":[{"count":6,"href":"https:\/\/hormisa.com\/en\/wp-json\/wp\/v2\/pages\/5547\/revisions"}],"predecessor-version":[{"id":6205,"href":"https:\/\/hormisa.com\/en\/wp-json\/wp\/v2\/pages\/5547\/revisions\/6205"}],"wp:attachment":[{"href":"https:\/\/hormisa.com\/en\/wp-json\/wp\/v2\/media?parent=5547"}],"curies":[{"name":"wp","href":"https:\/\/api.w.org\/{rel}","templated":true}]}}