{"id":5515,"date":"2018-06-13T09:54:40","date_gmt":"2018-06-13T09:54:40","guid":{"rendered":"https:\/\/hormisa.com\/politica-de-privacidad-y-proteccion-de-datos\/"},"modified":"2022-07-19T13:06:31","modified_gmt":"2022-07-19T13:06:31","slug":"privacy-policy-and-data-protection","status":"publish","type":"page","link":"https:\/\/hormisa.com\/en\/privacy-policy-and-data-protection\/","title":{"rendered":"Privacy policy and data protection"},"content":{"rendered":"<div class=\"fusion-fullwidth fullwidth-box fusion-builder-row-1 nonhundred-percent-fullwidth non-hundred-percent-height-scrolling\" style=\"--awb-border-radius-top-left:0px;--awb-border-radius-top-right:0px;--awb-border-radius-bottom-right:0px;--awb-border-radius-bottom-left:0px;--awb-flex-wrap:wrap;\" ><div class=\"fusion-builder-row fusion-row\"><div class=\"fusion-layout-column fusion_builder_column fusion-builder-column-0 fusion_builder_column_1_1 1_1 fusion-one-full fusion-column-first fusion-column-last\" style=\"--awb-bg-size:cover;--awb-margin-bottom:0px;\"><div class=\"fusion-column-wrapper fusion-flex-column-wrapper-legacy\"><div class=\"fusion-text fusion-text-1\"><p><strong>HORMISA<\/strong>, conforme a la legislaci\u00f3n vigente en materia de <em>Protecci\u00f3n de Datos de Car\u00e1cter Personal<\/em>, pone en conocimiento de los usuarios de la p\u00e1gina web (en adelante la P\u00e1gina) la <em>Pol\u00edtica de Privacidad y Protecci\u00f3n de Datos<\/em> que aplicar\u00e1 en el tratamiento de los datos personales que el Usuario facilite voluntariamente al acceder a su web.<\/p>\n<p>El Usuario, al proporcionar a <strong>HORMISA<\/strong> sus datos de car\u00e1cter personal a trav\u00e9s de los formularios electr\u00f3nicos de la Web, apartado de contactos y, en su caso, a trav\u00e9s de la marcaci\u00f3n de la correspondiente casilla de aceptaci\u00f3n, consiente expresamente que <strong>HORMISA<\/strong> pueda tratar esos datos en los t\u00e9rminos de esta cl\u00e1usula de <em>Pol\u00edtica de Privacidad y Protecci\u00f3n de Datos<\/em> y para los fines aqu\u00ed expresados.<\/p>\n<p><strong>HORMISA<\/strong> pone en conocimiento de los usuarios de la P\u00e1gina, que sus datos de car\u00e1cter personal s\u00f3lo podr\u00e1n obtenerse para su tratamiento cuando sean adecuados, pertinentes y no excesivos en relaci\u00f3n con el \u00e1mbito y las finalidades determinadas, expl\u00edcitas y leg\u00edtimas para las que se hayan obtenido. Ser\u00e1n cancelados cuando hayan dejado de ser necesarios o pertinentes para dicha finalidad, o cuando lo solicite el titular en el ejercicio de su derecho de cancelaci\u00f3n.<\/p>\n<p><strong>HORMISA<\/strong> manifiesta su compromiso de cumplir con la legislaci\u00f3n vigente en cada momento en materia de protecci\u00f3n de datos.<\/p>\n<p>Los datos personales facilitados ser\u00e1n tratados por <strong>HORMISA<\/strong>, y se utilizar\u00e1n de acuerdo a la siguiente.<\/p>\n<p style=\"text-align: center;\"><strong>Informaci\u00f3n sobre Protecci\u00f3n de datos personales<\/strong><\/p>\n<table width=\"100%\">\n<tbody>\n<tr>\n<td colspan=\"2\" width=\"100%\"><strong>INFORMACI\u00d3N SOBRE PROTECCI\u00d3N DE DATOS DE CAR\u00c1CTER PERSONAL<\/strong><\/p>\n<p><strong>\u00a0(En cumplimiento del Reglamento UE 2016\/679 de Protecci\u00f3n de Datos)<\/strong><\/td>\n<\/tr>\n<tr>\n<td>\n<p style=\"text-align: center;\"><strong>Responsable del tratamiento<\/strong><\/p>\n<\/td>\n<td>CANTERAS Y HORMIGONES SANTANDER SL<\/p>\n<p>NIF: B39009303<\/p>\n<p>Direcci\u00f3n: Barrio La Venta s\/n; 39608 Igollo de Camargo, Cantabria<\/p>\n<p>Tel\u00e9fono: 942581540<\/p>\n<p>e-mail: <a href=\"mailto:info@hormisa.com\">info@hormisa.com<\/a><\/td>\n<\/tr>\n<tr>\n<td>\n<p style=\"text-align: center;\"><strong>Finalidades<\/strong><\/p>\n<\/td>\n<td>Atender las consultas de los Usuarios que se pongan en contacto con nosotros a trav\u00e9s de los apartados de Contacto o Formularios habilitados.<\/p>\n<p>Gestionar su solicitud de candidatura de empleo.<\/td>\n<\/tr>\n<tr>\n<td>\n<p style=\"text-align: center;\"><strong>Legitimaci\u00f3n y conservaci\u00f3n<\/strong><\/p>\n<\/td>\n<td>La base para el tratamiento de los datos es el consentimiento otorgado por el Usuario con la marcaci\u00f3n, en su caso, de la correspondiente casilla de aceptaci\u00f3n.<\/p>\n<p>En caso de no facilitar los datos necesarios para estas finalidades ser\u00e1 imposible prestarle nuestros servicios. Los datos se conservar\u00e1n mientras se mantenga le relaci\u00f3n y no se solicite su supresi\u00f3n y en cualquier caso en cumplimiento de plazos legales de prescripci\u00f3n que le resulten de aplicaci\u00f3n.<\/td>\n<\/tr>\n<tr>\n<td>\n<p style=\"text-align: center;\"><strong>Destinatarios de cesiones<\/strong><\/p>\n<\/td>\n<td>No se han previsto cesiones<\/td>\n<\/tr>\n<tr>\n<td>\n<p style=\"text-align: center;\"><strong>Derechos de los interesados<\/strong><\/p>\n<\/td>\n<td>Puede ejercitar sus derechos de acceso, rectificaci\u00f3n, supresi\u00f3n, portabilidad y la limitaci\u00f3n u oposici\u00f3n dirigi\u00e9ndose por escrito a <strong>HORMISA<\/strong>, en la direcci\u00f3n que figura arriba.<\/p>\n<p>Los interesados tienen derecho a retirar el consentimiento prestado.<\/p>\n<p>Los interesados tienen derecho a reclamar ante la Autoridad de Control (Agencia Espa\u00f1ola de Protecci\u00f3n de Datos <a href=\"https:\/\/www.agpd.es\" target=\"_blank\" rel=\"noopener noreferrer\">www.agpd.es<\/a>).<\/td>\n<\/tr>\n<\/tbody>\n<\/table>\n<p>El usuario ser\u00e1 el \u00fanico responsable de la veracidad de los datos facilitados a <strong>HORMISA<\/strong>.<\/p>\n<p><strong>HORMISA<\/strong> administra su entorno de servidores de forma adecuada, teniendo una infraestructura firewall de estricto cumplimiento. Utiliza continuamente tecnolog\u00edas actuales para asegurarse de que la confidencialidad y la privacidad de la informaci\u00f3n no est\u00e1 comprometida.<\/p>\n<p>Para ello se adoptan las medidas de \u00edndole t\u00e9cnica y organizativa necesarias para garantizar la seguridad de los datos de car\u00e1cter personal contenidos en los mismos y para evitar su alteraci\u00f3n, p\u00e9rdida, tratamiento o acceso no autorizado, habida cuenta del estado de la tecnolog\u00eda, la naturaleza de los datos y los riesgos a los que est\u00e1n expuestos.<\/p>\n<p>Cualquier cambio realizado en la Pol\u00edtica de Privacidad y en las pr\u00e1cticas de administraci\u00f3n de la informaci\u00f3n se reflejar\u00e1 de forma oportuna, pudiendo <strong>HORMISA<\/strong> agregar, modificar o eliminar dicha pol\u00edtica de privacidad cuando lo estime necesario.<\/p>\n<p>De todas formas, <strong>HORMISA<\/strong> en ning\u00fan caso modificar\u00e1 las pol\u00edticas ni pr\u00e1cticas para hacerlas menos eficaces en la protecci\u00f3n de los datos personales de nuestros clientes almacenados anteriormente, sin el consentimiento previo de los clientes afectados.<\/p>\n<\/div><div class=\"fusion-clearfix\"><\/div><\/div><\/div><\/div><\/div>\n","protected":false},"excerpt":{"rendered":"","protected":false},"author":1,"featured_media":0,"parent":0,"menu_order":0,"comment_status":"closed","ping_status":"closed","template":"","meta":{"_acf_changed":false,"footnotes":""},"class_list":["post-5515","page","type-page","status-publish","hentry"],"acf":[],"yoast_head":"<!-- This site is optimized with the Yoast SEO plugin v27.0 - https:\/\/yoast.com\/product\/yoast-seo-wordpress\/ -->\n<title>Privacy and data protection policy | Hormisa Grupo Sadisa<\/title>\n<meta name=\"description\" content=\"HORMISA, in accordance with current legislation on the Protection of Personal Data, informs users of the website (hereinafter the Site) of the Privacy and Data Protection Policy that will apply to the processing of personal data that the User voluntarily provides.\" \/>\n<meta name=\"robots\" content=\"index, follow, max-snippet:-1, max-image-preview:large, max-video-preview:-1\" \/>\n<link rel=\"canonical\" href=\"https:\/\/hormisa.com\/en\/privacy-policy-and-data-protection\/\" \/>\n<meta property=\"og:locale\" content=\"en_US\" \/>\n<meta property=\"og:type\" content=\"article\" \/>\n<meta property=\"og:title\" content=\"Privacy and data protection policy | Hormisa Grupo Sadisa\" \/>\n<meta property=\"og:description\" content=\"HORMISA, in accordance with current legislation on the Protection of Personal Data, informs users of the website (hereinafter the Site) of the Privacy and Data Protection Policy that will apply to the processing of personal data that the User voluntarily provides.\" \/>\n<meta property=\"og:url\" content=\"https:\/\/hormisa.com\/en\/privacy-policy-and-data-protection\/\" \/>\n<meta property=\"og:site_name\" content=\"Hormisa\" \/>\n<meta property=\"article:modified_time\" content=\"2022-07-19T13:06:31+00:00\" \/>\n<meta name=\"twitter:card\" content=\"summary_large_image\" \/>\n<meta name=\"twitter:label1\" content=\"Est. reading time\" \/>\n\t<meta name=\"twitter:data1\" content=\"4 minutes\" \/>\n<script type=\"application\/ld+json\" class=\"yoast-schema-graph\">{\"@context\":\"https:\/\/schema.org\",\"@graph\":[{\"@type\":\"WebPage\",\"@id\":\"https:\/\/hormisa.com\/en\/privacy-policy-and-data-protection\/\",\"url\":\"https:\/\/hormisa.com\/en\/privacy-policy-and-data-protection\/\",\"name\":\"Privacy and data protection policy | Hormisa Grupo Sadisa\",\"isPartOf\":{\"@id\":\"https:\/\/hormisa.com\/en\/#website\"},\"datePublished\":\"2018-06-13T09:54:40+00:00\",\"dateModified\":\"2022-07-19T13:06:31+00:00\",\"description\":\"HORMISA, in accordance with current legislation on the Protection of Personal Data, informs users of the website (hereinafter the Site) of the Privacy and Data Protection Policy that will apply to the processing of personal data that the User voluntarily provides.\",\"breadcrumb\":{\"@id\":\"https:\/\/hormisa.com\/en\/privacy-policy-and-data-protection\/#breadcrumb\"},\"inLanguage\":\"en-US\",\"potentialAction\":[{\"@type\":\"ReadAction\",\"target\":[\"https:\/\/hormisa.com\/en\/privacy-policy-and-data-protection\/\"]}]},{\"@type\":\"BreadcrumbList\",\"@id\":\"https:\/\/hormisa.com\/en\/privacy-policy-and-data-protection\/#breadcrumb\",\"itemListElement\":[{\"@type\":\"ListItem\",\"position\":1,\"name\":\"Portada\",\"item\":\"https:\/\/hormisa.com\/en\/\"},{\"@type\":\"ListItem\",\"position\":2,\"name\":\"Privacy policy and data protection\"}]},{\"@type\":\"WebSite\",\"@id\":\"https:\/\/hormisa.com\/en\/#website\",\"url\":\"https:\/\/hormisa.com\/en\/\",\"name\":\"Hormisa\",\"description\":\"\u00c1ridos, cementos, morteros y hormigones Norte de Espa\u00f1a - Grupo de Espa\u00f1a\",\"publisher\":{\"@id\":\"https:\/\/hormisa.com\/en\/#organization\"},\"potentialAction\":[{\"@type\":\"SearchAction\",\"target\":{\"@type\":\"EntryPoint\",\"urlTemplate\":\"https:\/\/hormisa.com\/en\/?s={search_term_string}\"},\"query-input\":{\"@type\":\"PropertyValueSpecification\",\"valueRequired\":true,\"valueName\":\"search_term_string\"}}],\"inLanguage\":\"en-US\"},{\"@type\":\"Organization\",\"@id\":\"https:\/\/hormisa.com\/en\/#organization\",\"name\":\"Hormisa\",\"alternateName\":\"Canteras y Hormigones Santander\",\"url\":\"https:\/\/hormisa.com\/en\/\",\"logo\":{\"@type\":\"ImageObject\",\"inLanguage\":\"en-US\",\"@id\":\"https:\/\/hormisa.com\/en\/#\/schema\/logo\/image\/\",\"url\":\"https:\/\/hormisa.com\/wp-content\/uploads\/2016\/05\/logo-hormisa.jpg\",\"contentUrl\":\"https:\/\/hormisa.com\/wp-content\/uploads\/2016\/05\/logo-hormisa.jpg\",\"width\":223,\"height\":71,\"caption\":\"Hormisa\"},\"image\":{\"@id\":\"https:\/\/hormisa.com\/en\/#\/schema\/logo\/image\/\"}}]}<\/script>\n<!-- \/ Yoast SEO plugin. -->","yoast_head_json":{"title":"Privacy and data protection policy | Hormisa Grupo Sadisa","description":"HORMISA, in accordance with current legislation on the Protection of Personal Data, informs users of the website (hereinafter the Site) of the Privacy and Data Protection Policy that will apply to the processing of personal data that the User voluntarily provides.","robots":{"index":"index","follow":"follow","max-snippet":"max-snippet:-1","max-image-preview":"max-image-preview:large","max-video-preview":"max-video-preview:-1"},"canonical":"https:\/\/hormisa.com\/en\/privacy-policy-and-data-protection\/","og_locale":"en_US","og_type":"article","og_title":"Privacy and data protection policy | Hormisa Grupo Sadisa","og_description":"HORMISA, in accordance with current legislation on the Protection of Personal Data, informs users of the website (hereinafter the Site) of the Privacy and Data Protection Policy that will apply to the processing of personal data that the User voluntarily provides.","og_url":"https:\/\/hormisa.com\/en\/privacy-policy-and-data-protection\/","og_site_name":"Hormisa","article_modified_time":"2022-07-19T13:06:31+00:00","twitter_card":"summary_large_image","twitter_misc":{"Est. reading time":"4 minutes"},"schema":{"@context":"https:\/\/schema.org","@graph":[{"@type":"WebPage","@id":"https:\/\/hormisa.com\/en\/privacy-policy-and-data-protection\/","url":"https:\/\/hormisa.com\/en\/privacy-policy-and-data-protection\/","name":"Privacy and data protection policy | Hormisa Grupo Sadisa","isPartOf":{"@id":"https:\/\/hormisa.com\/en\/#website"},"datePublished":"2018-06-13T09:54:40+00:00","dateModified":"2022-07-19T13:06:31+00:00","description":"HORMISA, in accordance with current legislation on the Protection of Personal Data, informs users of the website (hereinafter the Site) of the Privacy and Data Protection Policy that will apply to the processing of personal data that the User voluntarily provides.","breadcrumb":{"@id":"https:\/\/hormisa.com\/en\/privacy-policy-and-data-protection\/#breadcrumb"},"inLanguage":"en-US","potentialAction":[{"@type":"ReadAction","target":["https:\/\/hormisa.com\/en\/privacy-policy-and-data-protection\/"]}]},{"@type":"BreadcrumbList","@id":"https:\/\/hormisa.com\/en\/privacy-policy-and-data-protection\/#breadcrumb","itemListElement":[{"@type":"ListItem","position":1,"name":"Portada","item":"https:\/\/hormisa.com\/en\/"},{"@type":"ListItem","position":2,"name":"Privacy policy and data protection"}]},{"@type":"WebSite","@id":"https:\/\/hormisa.com\/en\/#website","url":"https:\/\/hormisa.com\/en\/","name":"Hormisa","description":"\u00c1ridos, cementos, morteros y hormigones Norte de Espa\u00f1a - Grupo de Espa\u00f1a","publisher":{"@id":"https:\/\/hormisa.com\/en\/#organization"},"potentialAction":[{"@type":"SearchAction","target":{"@type":"EntryPoint","urlTemplate":"https:\/\/hormisa.com\/en\/?s={search_term_string}"},"query-input":{"@type":"PropertyValueSpecification","valueRequired":true,"valueName":"search_term_string"}}],"inLanguage":"en-US"},{"@type":"Organization","@id":"https:\/\/hormisa.com\/en\/#organization","name":"Hormisa","alternateName":"Canteras y Hormigones Santander","url":"https:\/\/hormisa.com\/en\/","logo":{"@type":"ImageObject","inLanguage":"en-US","@id":"https:\/\/hormisa.com\/en\/#\/schema\/logo\/image\/","url":"https:\/\/hormisa.com\/wp-content\/uploads\/2016\/05\/logo-hormisa.jpg","contentUrl":"https:\/\/hormisa.com\/wp-content\/uploads\/2016\/05\/logo-hormisa.jpg","width":223,"height":71,"caption":"Hormisa"},"image":{"@id":"https:\/\/hormisa.com\/en\/#\/schema\/logo\/image\/"}}]}},"_links":{"self":[{"href":"https:\/\/hormisa.com\/en\/wp-json\/wp\/v2\/pages\/5515","targetHints":{"allow":["GET"]}}],"collection":[{"href":"https:\/\/hormisa.com\/en\/wp-json\/wp\/v2\/pages"}],"about":[{"href":"https:\/\/hormisa.com\/en\/wp-json\/wp\/v2\/types\/page"}],"author":[{"embeddable":true,"href":"https:\/\/hormisa.com\/en\/wp-json\/wp\/v2\/users\/1"}],"replies":[{"embeddable":true,"href":"https:\/\/hormisa.com\/en\/wp-json\/wp\/v2\/comments?post=5515"}],"version-history":[{"count":2,"href":"https:\/\/hormisa.com\/en\/wp-json\/wp\/v2\/pages\/5515\/revisions"}],"predecessor-version":[{"id":5518,"href":"https:\/\/hormisa.com\/en\/wp-json\/wp\/v2\/pages\/5515\/revisions\/5518"}],"wp:attachment":[{"href":"https:\/\/hormisa.com\/en\/wp-json\/wp\/v2\/media?parent=5515"}],"curies":[{"name":"wp","href":"https:\/\/api.w.org\/{rel}","templated":true}]}}